{"id":1815,"date":"2021-09-03T10:13:53","date_gmt":"2021-09-03T08:13:53","guid":{"rendered":"https:\/\/2.demooo.pl\/news\/"},"modified":"2023-06-16T13:07:26","modified_gmt":"2023-06-16T11:07:26","slug":"news","status":"publish","type":"page","link":"https:\/\/www.sentinel.pl\/en\/news\/","title":{"rendered":"News"},"content":{"rendered":"\t\t<div data-elementor-type=\"wp-page\" data-elementor-id=\"1815\" class=\"elementor elementor-1815 elementor-737\" data-elementor-post-type=\"page\">\n\t\t\t\t<div class=\"elementor-element elementor-element-5592bb8 e-flex e-con-boxed e-con e-parent\" data-id=\"5592bb8\" data-element_type=\"container\" data-e-type=\"container\">\n\t\t\t\t\t<div class=\"e-con-inner\">\n\t\t<div class=\"elementor-element elementor-element-b780d07 e-flex e-con-boxed e-con e-parent\" data-id=\"b780d07\" data-element_type=\"container\" data-e-type=\"container\" data-settings=\"{&quot;background_background&quot;:&quot;classic&quot;}\">\n\t\t\t\t\t<div class=\"e-con-inner\">\n\t\t<div class=\"elementor-element elementor-element-ccc13a8 e-con-full e-flex e-con e-parent\" data-id=\"ccc13a8\" data-element_type=\"container\" data-e-type=\"container\">\n\t\t\t\t<div class=\"elementor-element elementor-element-11b26f5 elementor-widget elementor-widget-image\" data-id=\"11b26f5\" data-element_type=\"widget\" data-e-type=\"widget\" data-widget_type=\"image.default\">\n\t\t\t\t<div class=\"elementor-widget-container\">\n\t\t\t\t\t\t\t\t\t\t\t\t\t\t\t<img fetchpriority=\"high\" decoding=\"async\" width=\"325\" height=\"431\" src=\"https:\/\/www.sentinel.pl\/wp-content\/uploads\/2023\/04\/LR62_edited_edited.webp\" class=\"attachment-1536x1536 size-1536x1536 wp-image-1248\" alt=\"\" srcset=\"https:\/\/www.sentinel.pl\/wp-content\/uploads\/2023\/04\/LR62_edited_edited.webp 325w, https:\/\/www.sentinel.pl\/wp-content\/uploads\/2023\/04\/LR62_edited_edited-226x300.webp 226w\" sizes=\"(max-width: 325px) 100vw, 325px\" \/>\t\t\t\t\t\t\t\t\t\t\t\t\t\t\t<\/div>\n\t\t\t\t<\/div>\n\t\t\t\t<div class=\"elementor-element elementor-element-c61e135 elementor-widget elementor-widget-heading\" data-id=\"c61e135\" data-element_type=\"widget\" data-e-type=\"widget\" data-widget_type=\"heading.default\">\n\t\t\t\t<div class=\"elementor-widget-container\">\n\t\t\t\t\t<h3 class=\"elementor-heading-title elementor-size-default\">ARTICLE ABOUT LOW VOLTAGE LIGHTING IN THE LIVING ROOM<\/h3>\t\t\t\t<\/div>\n\t\t\t\t<\/div>\n\t\t\t\t<div class=\"elementor-element elementor-element-12bf431 elementor-align-center elementor-widget elementor-widget-button\" data-id=\"12bf431\" data-element_type=\"widget\" data-e-type=\"widget\" data-widget_type=\"button.default\">\n\t\t\t\t<div class=\"elementor-widget-container\">\n\t\t\t\t\t\t\t\t\t<div class=\"elementor-button-wrapper\">\n\t\t\t\t\t<a class=\"elementor-button elementor-button-link elementor-size-sm\" href=\"https:\/\/www.sentinel.pl\/wp-content\/uploads\/2023\/04\/sentinel_LivingRoom_62-bez-reklamy.pdf\" target=\"_blank\">\n\t\t\t\t\t\t<span class=\"elementor-button-content-wrapper\">\n\t\t\t\t\t\t\t\t\t<span class=\"elementor-button-text\">Open the article<\/span>\n\t\t\t\t\t<\/span>\n\t\t\t\t\t<\/a>\n\t\t\t\t<\/div>\n\t\t\t\t\t\t\t\t<\/div>\n\t\t\t\t<\/div>\n\t\t\t\t<\/div>\n\t\t\t\t\t<\/div>\n\t\t\t\t<\/div>\n\t\t\t\t\t<\/div>\n\t\t\t\t<\/div>\n\t\t<div class=\"elementor-element elementor-element-93ba472 e-flex e-con-boxed e-con e-parent\" data-id=\"93ba472\" data-element_type=\"container\" data-e-type=\"container\" data-settings=\"{&quot;background_background&quot;:&quot;classic&quot;}\">\n\t\t\t\t\t<div class=\"e-con-inner\">\n\t\t<div class=\"elementor-element elementor-element-2a1300f e-flex e-con-boxed e-con e-parent\" data-id=\"2a1300f\" data-element_type=\"container\" data-e-type=\"container\">\n\t\t\t\t\t<div class=\"e-con-inner\">\n\t\t\t\t<div class=\"elementor-element elementor-element-9cbd9a4 elementor-widget elementor-widget-heading\" data-id=\"9cbd9a4\" data-element_type=\"widget\" data-e-type=\"widget\" data-widget_type=\"heading.default\">\n\t\t\t\t<div class=\"elementor-widget-container\">\n\t\t\t\t\t<h3 class=\"elementor-heading-title elementor-size-default\">MAGIC \u2013 LOW VOLTAGE SYSTEM<b><\/b><\/h3>\t\t\t\t<\/div>\n\t\t\t\t<\/div>\n\t\t\t\t<div class=\"elementor-element elementor-element-5f7575d elementor-widget elementor-widget-spacer\" data-id=\"5f7575d\" data-element_type=\"widget\" data-e-type=\"widget\" data-widget_type=\"spacer.default\">\n\t\t\t\t<div class=\"elementor-widget-container\">\n\t\t\t\t\t\t\t<div class=\"elementor-spacer\">\n\t\t\t<div class=\"elementor-spacer-inner\"><\/div>\n\t\t<\/div>\n\t\t\t\t\t\t<\/div>\n\t\t\t\t<\/div>\n\t\t\t\t<div class=\"elementor-element elementor-element-4362cf0 elementor-widget elementor-widget-text-editor\" data-id=\"4362cf0\" data-element_type=\"widget\" data-e-type=\"widget\" data-widget_type=\"text-editor.default\">\n\t\t\t\t<div class=\"elementor-widget-container\">\n\t\t\t\t\t\t\t\t\t<p>Modern low-voltage lighting systems are a nod to ecology. They optimally illuminate the space, while saving energy, and the availability of various modules allows you to perfectly match the lighting to our needs. They can be easily expanded by adding more components and changing their layouts during use.<\/p>\n\t\t\t\t\t\t\t\t<\/div>\n\t\t\t\t<\/div>\n\t\t\t\t<div class=\"elementor-element elementor-element-0e7daa2 elementor-align-center elementor-widget elementor-widget-button\" data-id=\"0e7daa2\" data-element_type=\"widget\" data-e-type=\"widget\" data-widget_type=\"button.default\">\n\t\t\t\t<div class=\"elementor-widget-container\">\n\t\t\t\t\t\t\t\t\t<div class=\"elementor-button-wrapper\">\n\t\t\t\t\t<a class=\"elementor-button elementor-button-link elementor-size-sm\" href=\"https:\/\/www.architonic.com\/en\/microsite\/sentinel\/10003270\" target=\"_blank\">\n\t\t\t\t\t\t<span class=\"elementor-button-content-wrapper\">\n\t\t\t\t\t\t\t\t\t<span class=\"elementor-button-text\">Read more<\/span>\n\t\t\t\t\t<\/span>\n\t\t\t\t\t<\/a>\n\t\t\t\t<\/div>\n\t\t\t\t\t\t\t\t<\/div>\n\t\t\t\t<\/div>\n\t\t\t\t\t<\/div>\n\t\t\t\t<\/div>\n\t\t\t\t\t<\/div>\n\t\t\t\t<\/div>\n\t\t\t\t<\/div>\n\t\t","protected":false},"excerpt":{"rendered":"<p>ARTICLE ABOUT LOW VOLTAGE LIGHTING IN THE LIVING ROOM Open the article MAGIC \u2013 LOW VOLTAGE SYSTEM Modern low-voltage lighting systems are a nod to ecology. They optimally illuminate the space, while saving energy, and the availability of various modules allows you to perfectly match the lighting to our needs. They can be easily expanded [&hellip;]<\/p>\n","protected":false},"author":1,"featured_media":0,"parent":0,"menu_order":0,"comment_status":"closed","ping_status":"closed","template":"","meta":{"_acf_changed":false,"inline_featured_image":false,"footnotes":""},"class_list":["post-1815","page","type-page","status-publish","hentry"],"acf":[],"yoast_head":"<!-- This site is optimized with the Yoast SEO plugin v26.8 - https:\/\/yoast.com\/product\/yoast-seo-wordpress\/ -->\n<title>News | SENTINEL - systemy o\u015bwietlenia niskonapi\u0119ciowego<\/title>\n<meta name=\"description\" content=\"Modern low-voltage lighting systems are a nod to ecology. They optimally illuminate the space, saving energy.\" \/>\n<meta name=\"robots\" content=\"index, follow, max-snippet:-1, max-image-preview:large, max-video-preview:-1\" \/>\n<link rel=\"canonical\" href=\"https:\/\/www.sentinel.pl\/en\/news\/\" \/>\n<meta property=\"og:locale\" content=\"en_US\" \/>\n<meta property=\"og:type\" content=\"article\" \/>\n<meta property=\"og:title\" content=\"News | SENTINEL - systemy o\u015bwietlenia niskonapi\u0119ciowego\" \/>\n<meta property=\"og:description\" content=\"Modern low-voltage lighting systems are a nod to ecology. They optimally illuminate the space, saving energy.\" \/>\n<meta property=\"og:url\" content=\"https:\/\/www.sentinel.pl\/en\/news\/\" \/>\n<meta property=\"og:site_name\" content=\"SENTINEL - systemy o\u015bwietlenia niskonapi\u0119ciowego\" \/>\n<meta property=\"article:publisher\" content=\"https:\/\/www.facebook.com\/profile.php?id=100076600594991\" \/>\n<meta property=\"article:modified_time\" content=\"2023-06-16T11:07:26+00:00\" \/>\n<meta property=\"og:image\" content=\"https:\/\/www.sentinel.pl\/wp-content\/uploads\/2023\/04\/LR62_edited_edited.webp\" \/>\n<meta name=\"twitter:card\" content=\"summary_large_image\" \/>\n<meta name=\"twitter:site\" content=\"@sentinel_light1\" \/>\n<script type=\"application\/ld+json\" class=\"yoast-schema-graph\">{\"@context\":\"https:\/\/schema.org\",\"@graph\":[{\"@type\":\"WebPage\",\"@id\":\"https:\/\/www.sentinel.pl\/en\/news\/\",\"url\":\"https:\/\/www.sentinel.pl\/en\/news\/\",\"name\":\"News | SENTINEL - systemy o\u015bwietlenia niskonapi\u0119ciowego\",\"isPartOf\":{\"@id\":\"https:\/\/www.sentinel.pl\/#website\"},\"primaryImageOfPage\":{\"@id\":\"https:\/\/www.sentinel.pl\/en\/news\/#primaryimage\"},\"image\":{\"@id\":\"https:\/\/www.sentinel.pl\/en\/news\/#primaryimage\"},\"thumbnailUrl\":\"https:\/\/www.sentinel.pl\/wp-content\/uploads\/2023\/04\/LR62_edited_edited.webp\",\"datePublished\":\"2021-09-03T08:13:53+00:00\",\"dateModified\":\"2023-06-16T11:07:26+00:00\",\"description\":\"Modern low-voltage lighting systems are a nod to ecology. They optimally illuminate the space, saving energy.\",\"breadcrumb\":{\"@id\":\"https:\/\/www.sentinel.pl\/en\/news\/#breadcrumb\"},\"inLanguage\":\"en-US\",\"potentialAction\":[{\"@type\":\"ReadAction\",\"target\":[\"https:\/\/www.sentinel.pl\/en\/news\/\"]}]},{\"@type\":\"ImageObject\",\"inLanguage\":\"en-US\",\"@id\":\"https:\/\/www.sentinel.pl\/en\/news\/#primaryimage\",\"url\":\"https:\/\/www.sentinel.pl\/wp-content\/uploads\/2023\/04\/LR62_edited_edited.webp\",\"contentUrl\":\"https:\/\/www.sentinel.pl\/wp-content\/uploads\/2023\/04\/LR62_edited_edited.webp\"},{\"@type\":\"BreadcrumbList\",\"@id\":\"https:\/\/www.sentinel.pl\/en\/news\/#breadcrumb\",\"itemListElement\":[{\"@type\":\"ListItem\",\"position\":1,\"name\":\"Home\",\"item\":\"https:\/\/www.sentinel.pl\/en\/\"},{\"@type\":\"ListItem\",\"position\":2,\"name\":\"News\"}]},{\"@type\":\"WebSite\",\"@id\":\"https:\/\/www.sentinel.pl\/#website\",\"url\":\"https:\/\/www.sentinel.pl\/\",\"name\":\"SENTINEL - systemy o\u015bwietlenia niskonapi\u0119ciowego\",\"description\":\"Nowoczesne systemy o\u015bwietlenia niskonapi\u0119ciowego\",\"publisher\":{\"@id\":\"https:\/\/www.sentinel.pl\/#organization\"},\"potentialAction\":[{\"@type\":\"SearchAction\",\"target\":{\"@type\":\"EntryPoint\",\"urlTemplate\":\"https:\/\/www.sentinel.pl\/?s={search_term_string}\"},\"query-input\":{\"@type\":\"PropertyValueSpecification\",\"valueRequired\":true,\"valueName\":\"search_term_string\"}}],\"inLanguage\":\"en-US\"},{\"@type\":\"Organization\",\"@id\":\"https:\/\/www.sentinel.pl\/#organization\",\"name\":\"SENTINEL\",\"alternateName\":\"SENTINEL\",\"url\":\"https:\/\/www.sentinel.pl\/\",\"logo\":{\"@type\":\"ImageObject\",\"inLanguage\":\"en-US\",\"@id\":\"https:\/\/www.sentinel.pl\/#\/schema\/logo\/image\/\",\"url\":\"https:\/\/www.sentinel.pl\/wp-content\/uploads\/2023\/04\/SENTINEL-Logo.webp\",\"contentUrl\":\"https:\/\/www.sentinel.pl\/wp-content\/uploads\/2023\/04\/SENTINEL-Logo.webp\",\"width\":288,\"height\":56,\"caption\":\"SENTINEL\"},\"image\":{\"@id\":\"https:\/\/www.sentinel.pl\/#\/schema\/logo\/image\/\"},\"sameAs\":[\"https:\/\/www.facebook.com\/profile.php?id=100076600594991\",\"https:\/\/x.com\/sentinel_light1\",\"https:\/\/www.linkedin.com\/company\/1180568\",\"https:\/\/www.instagram.com\/sentinel_light1\/\"]}]}<\/script>\n<!-- \/ Yoast SEO plugin. -->","yoast_head_json":{"title":"News | SENTINEL - systemy o\u015bwietlenia niskonapi\u0119ciowego","description":"Modern low-voltage lighting systems are a nod to ecology. They optimally illuminate the space, saving energy.","robots":{"index":"index","follow":"follow","max-snippet":"max-snippet:-1","max-image-preview":"max-image-preview:large","max-video-preview":"max-video-preview:-1"},"canonical":"https:\/\/www.sentinel.pl\/en\/news\/","og_locale":"en_US","og_type":"article","og_title":"News | SENTINEL - systemy o\u015bwietlenia niskonapi\u0119ciowego","og_description":"Modern low-voltage lighting systems are a nod to ecology. They optimally illuminate the space, saving energy.","og_url":"https:\/\/www.sentinel.pl\/en\/news\/","og_site_name":"SENTINEL - systemy o\u015bwietlenia niskonapi\u0119ciowego","article_publisher":"https:\/\/www.facebook.com\/profile.php?id=100076600594991","article_modified_time":"2023-06-16T11:07:26+00:00","og_image":[{"url":"https:\/\/www.sentinel.pl\/wp-content\/uploads\/2023\/04\/LR62_edited_edited.webp","type":"","width":"","height":""}],"twitter_card":"summary_large_image","twitter_site":"@sentinel_light1","schema":{"@context":"https:\/\/schema.org","@graph":[{"@type":"WebPage","@id":"https:\/\/www.sentinel.pl\/en\/news\/","url":"https:\/\/www.sentinel.pl\/en\/news\/","name":"News | SENTINEL - systemy o\u015bwietlenia niskonapi\u0119ciowego","isPartOf":{"@id":"https:\/\/www.sentinel.pl\/#website"},"primaryImageOfPage":{"@id":"https:\/\/www.sentinel.pl\/en\/news\/#primaryimage"},"image":{"@id":"https:\/\/www.sentinel.pl\/en\/news\/#primaryimage"},"thumbnailUrl":"https:\/\/www.sentinel.pl\/wp-content\/uploads\/2023\/04\/LR62_edited_edited.webp","datePublished":"2021-09-03T08:13:53+00:00","dateModified":"2023-06-16T11:07:26+00:00","description":"Modern low-voltage lighting systems are a nod to ecology. They optimally illuminate the space, saving energy.","breadcrumb":{"@id":"https:\/\/www.sentinel.pl\/en\/news\/#breadcrumb"},"inLanguage":"en-US","potentialAction":[{"@type":"ReadAction","target":["https:\/\/www.sentinel.pl\/en\/news\/"]}]},{"@type":"ImageObject","inLanguage":"en-US","@id":"https:\/\/www.sentinel.pl\/en\/news\/#primaryimage","url":"https:\/\/www.sentinel.pl\/wp-content\/uploads\/2023\/04\/LR62_edited_edited.webp","contentUrl":"https:\/\/www.sentinel.pl\/wp-content\/uploads\/2023\/04\/LR62_edited_edited.webp"},{"@type":"BreadcrumbList","@id":"https:\/\/www.sentinel.pl\/en\/news\/#breadcrumb","itemListElement":[{"@type":"ListItem","position":1,"name":"Home","item":"https:\/\/www.sentinel.pl\/en\/"},{"@type":"ListItem","position":2,"name":"News"}]},{"@type":"WebSite","@id":"https:\/\/www.sentinel.pl\/#website","url":"https:\/\/www.sentinel.pl\/","name":"SENTINEL - systemy o\u015bwietlenia niskonapi\u0119ciowego","description":"Nowoczesne systemy o\u015bwietlenia niskonapi\u0119ciowego","publisher":{"@id":"https:\/\/www.sentinel.pl\/#organization"},"potentialAction":[{"@type":"SearchAction","target":{"@type":"EntryPoint","urlTemplate":"https:\/\/www.sentinel.pl\/?s={search_term_string}"},"query-input":{"@type":"PropertyValueSpecification","valueRequired":true,"valueName":"search_term_string"}}],"inLanguage":"en-US"},{"@type":"Organization","@id":"https:\/\/www.sentinel.pl\/#organization","name":"SENTINEL","alternateName":"SENTINEL","url":"https:\/\/www.sentinel.pl\/","logo":{"@type":"ImageObject","inLanguage":"en-US","@id":"https:\/\/www.sentinel.pl\/#\/schema\/logo\/image\/","url":"https:\/\/www.sentinel.pl\/wp-content\/uploads\/2023\/04\/SENTINEL-Logo.webp","contentUrl":"https:\/\/www.sentinel.pl\/wp-content\/uploads\/2023\/04\/SENTINEL-Logo.webp","width":288,"height":56,"caption":"SENTINEL"},"image":{"@id":"https:\/\/www.sentinel.pl\/#\/schema\/logo\/image\/"},"sameAs":["https:\/\/www.facebook.com\/profile.php?id=100076600594991","https:\/\/x.com\/sentinel_light1","https:\/\/www.linkedin.com\/company\/1180568","https:\/\/www.instagram.com\/sentinel_light1\/"]}]}},"_links":{"self":[{"href":"https:\/\/www.sentinel.pl\/en\/wp-json\/wp\/v2\/pages\/1815","targetHints":{"allow":["GET"]}}],"collection":[{"href":"https:\/\/www.sentinel.pl\/en\/wp-json\/wp\/v2\/pages"}],"about":[{"href":"https:\/\/www.sentinel.pl\/en\/wp-json\/wp\/v2\/types\/page"}],"author":[{"embeddable":true,"href":"https:\/\/www.sentinel.pl\/en\/wp-json\/wp\/v2\/users\/1"}],"replies":[{"embeddable":true,"href":"https:\/\/www.sentinel.pl\/en\/wp-json\/wp\/v2\/comments?post=1815"}],"version-history":[{"count":3,"href":"https:\/\/www.sentinel.pl\/en\/wp-json\/wp\/v2\/pages\/1815\/revisions"}],"predecessor-version":[{"id":1818,"href":"https:\/\/www.sentinel.pl\/en\/wp-json\/wp\/v2\/pages\/1815\/revisions\/1818"}],"wp:attachment":[{"href":"https:\/\/www.sentinel.pl\/en\/wp-json\/wp\/v2\/media?parent=1815"}],"curies":[{"name":"wp","href":"https:\/\/api.w.org\/{rel}","templated":true}]}}