{"id":1819,"date":"2023-04-19T07:51:26","date_gmt":"2023-04-19T05:51:26","guid":{"rendered":"https:\/\/2.demooo.pl\/downloads\/"},"modified":"2023-06-16T13:21:32","modified_gmt":"2023-06-16T11:21:32","slug":"downloads","status":"publish","type":"page","link":"https:\/\/www.sentinel.pl\/en\/downloads\/","title":{"rendered":"Downloads"},"content":{"rendered":"\t\t<div data-elementor-type=\"wp-page\" data-elementor-id=\"1819\" class=\"elementor elementor-1819 elementor-1087\" data-elementor-post-type=\"page\">\n\t\t\t\t<div class=\"elementor-element elementor-element-7ced438 e-flex e-con-boxed e-con e-parent\" data-id=\"7ced438\" data-element_type=\"container\" data-e-type=\"container\">\n\t\t\t\t\t<div class=\"e-con-inner\">\n\t\t<div class=\"elementor-element elementor-element-bf92474 e-flex e-con-boxed e-con e-parent\" data-id=\"bf92474\" data-element_type=\"container\" data-e-type=\"container\" data-settings=\"{&quot;background_background&quot;:&quot;classic&quot;}\">\n\t\t\t\t\t<div class=\"e-con-inner\">\n\t\t\t\t<div class=\"elementor-element elementor-element-98155ab elementor-widget elementor-widget-heading\" data-id=\"98155ab\" data-element_type=\"widget\" data-e-type=\"widget\" data-widget_type=\"heading.default\">\n\t\t\t\t<div class=\"elementor-widget-container\">\n\t\t\t\t\t<h2 class=\"elementor-heading-title elementor-size-default\">Catalogues<\/h2>\t\t\t\t<\/div>\n\t\t\t\t<\/div>\n\t\t\t\t<div class=\"elementor-element elementor-element-f8636bb elementor-widget elementor-widget-button\" data-id=\"f8636bb\" data-element_type=\"widget\" data-e-type=\"widget\" data-widget_type=\"button.default\">\n\t\t\t\t<div class=\"elementor-widget-container\">\n\t\t\t\t\t\t\t\t\t<div class=\"elementor-button-wrapper\">\n\t\t\t\t\t<a class=\"elementor-button elementor-button-link elementor-size-sm\" href=\"https:\/\/www.sentinel.pl\/en\/downloads\/catalogues\/\">\n\t\t\t\t\t\t<span class=\"elementor-button-content-wrapper\">\n\t\t\t\t\t\t\t\t\t<span class=\"elementor-button-text\">Read more<\/span>\n\t\t\t\t\t<\/span>\n\t\t\t\t\t<\/a>\n\t\t\t\t<\/div>\n\t\t\t\t\t\t\t\t<\/div>\n\t\t\t\t<\/div>\n\t\t\t\t\t<\/div>\n\t\t\t\t<\/div>\n\t\t<div class=\"elementor-element elementor-element-643b601 e-flex e-con-boxed e-con e-parent\" data-id=\"643b601\" data-element_type=\"container\" data-e-type=\"container\" data-settings=\"{&quot;background_background&quot;:&quot;classic&quot;}\">\n\t\t\t\t\t<div class=\"e-con-inner\">\n\t\t\t\t<div class=\"elementor-element elementor-element-5277670 elementor-widget elementor-widget-heading\" data-id=\"5277670\" data-element_type=\"widget\" data-e-type=\"widget\" data-widget_type=\"heading.default\">\n\t\t\t\t<div class=\"elementor-widget-container\">\n\t\t\t\t\t<h2 class=\"elementor-heading-title elementor-size-default\">DWG | 3DS | MAX \u2013 3D models<\/h2>\t\t\t\t<\/div>\n\t\t\t\t<\/div>\n\t\t\t\t<div class=\"elementor-element elementor-element-a2c45f2 elementor-widget elementor-widget-button\" data-id=\"a2c45f2\" data-element_type=\"widget\" data-e-type=\"widget\" data-widget_type=\"button.default\">\n\t\t\t\t<div class=\"elementor-widget-container\">\n\t\t\t\t\t\t\t\t\t<div class=\"elementor-button-wrapper\">\n\t\t\t\t\t<a class=\"elementor-button elementor-button-link elementor-size-sm\" href=\"https:\/\/www.sentinel.pl\/en\/downloads\/dwg-3ds-max-models-3d\/\">\n\t\t\t\t\t\t<span class=\"elementor-button-content-wrapper\">\n\t\t\t\t\t\t\t\t\t<span class=\"elementor-button-text\">Read more<\/span>\n\t\t\t\t\t<\/span>\n\t\t\t\t\t<\/a>\n\t\t\t\t<\/div>\n\t\t\t\t\t\t\t\t<\/div>\n\t\t\t\t<\/div>\n\t\t\t\t\t<\/div>\n\t\t\t\t<\/div>\n\t\t\t\t\t<\/div>\n\t\t\t\t<\/div>\n\t\t\t\t<\/div>\n\t\t","protected":false},"excerpt":{"rendered":"<p>Catalogues Read more DWG | 3DS | MAX \u2013 3D models Read more<\/p>\n","protected":false},"author":1,"featured_media":0,"parent":0,"menu_order":0,"comment_status":"closed","ping_status":"closed","template":"","meta":{"_acf_changed":false,"inline_featured_image":false,"footnotes":""},"class_list":["post-1819","page","type-page","status-publish","hentry"],"acf":[],"yoast_head":"<!-- This site is optimized with the Yoast SEO plugin v26.8 - https:\/\/yoast.com\/product\/yoast-seo-wordpress\/ -->\n<title>Downloads | SENTINEL - systemy o\u015bwietlenia niskonapi\u0119ciowego<\/title>\n<meta name=\"description\" content=\"Downloads for modern low-voltage lighting systems. They optimally illuminate the space, saving energy.\" \/>\n<meta name=\"robots\" content=\"index, follow, max-snippet:-1, max-image-preview:large, max-video-preview:-1\" \/>\n<link rel=\"canonical\" href=\"https:\/\/www.sentinel.pl\/en\/downloads\/\" \/>\n<meta property=\"og:locale\" content=\"en_US\" \/>\n<meta property=\"og:type\" content=\"article\" \/>\n<meta property=\"og:title\" content=\"Downloads | SENTINEL - systemy o\u015bwietlenia niskonapi\u0119ciowego\" \/>\n<meta property=\"og:description\" content=\"Downloads for modern low-voltage lighting systems. They optimally illuminate the space, saving energy.\" \/>\n<meta property=\"og:url\" content=\"https:\/\/www.sentinel.pl\/en\/downloads\/\" \/>\n<meta property=\"og:site_name\" content=\"SENTINEL - systemy o\u015bwietlenia niskonapi\u0119ciowego\" \/>\n<meta property=\"article:publisher\" content=\"https:\/\/www.facebook.com\/profile.php?id=100076600594991\" \/>\n<meta property=\"article:modified_time\" content=\"2023-06-16T11:21:32+00:00\" \/>\n<meta property=\"og:image\" content=\"https:\/\/www.sentinel.pl\/wp-content\/uploads\/2023\/04\/image-sentinel.png\" \/>\n\t<meta property=\"og:image:width\" content=\"1200\" \/>\n\t<meta property=\"og:image:height\" content=\"675\" \/>\n\t<meta property=\"og:image:type\" content=\"image\/png\" \/>\n<meta name=\"twitter:card\" content=\"summary_large_image\" \/>\n<meta name=\"twitter:site\" content=\"@sentinel_light1\" \/>\n<script type=\"application\/ld+json\" class=\"yoast-schema-graph\">{\"@context\":\"https:\/\/schema.org\",\"@graph\":[{\"@type\":\"WebPage\",\"@id\":\"https:\/\/www.sentinel.pl\/en\/downloads\/\",\"url\":\"https:\/\/www.sentinel.pl\/en\/downloads\/\",\"name\":\"Downloads | SENTINEL - systemy o\u015bwietlenia niskonapi\u0119ciowego\",\"isPartOf\":{\"@id\":\"https:\/\/www.sentinel.pl\/#website\"},\"datePublished\":\"2023-04-19T05:51:26+00:00\",\"dateModified\":\"2023-06-16T11:21:32+00:00\",\"description\":\"Downloads for modern low-voltage lighting systems. They optimally illuminate the space, saving energy.\",\"breadcrumb\":{\"@id\":\"https:\/\/www.sentinel.pl\/en\/downloads\/#breadcrumb\"},\"inLanguage\":\"en-US\",\"potentialAction\":[{\"@type\":\"ReadAction\",\"target\":[\"https:\/\/www.sentinel.pl\/en\/downloads\/\"]}]},{\"@type\":\"BreadcrumbList\",\"@id\":\"https:\/\/www.sentinel.pl\/en\/downloads\/#breadcrumb\",\"itemListElement\":[{\"@type\":\"ListItem\",\"position\":1,\"name\":\"Home\",\"item\":\"https:\/\/www.sentinel.pl\/en\/\"},{\"@type\":\"ListItem\",\"position\":2,\"name\":\"Downloads\"}]},{\"@type\":\"WebSite\",\"@id\":\"https:\/\/www.sentinel.pl\/#website\",\"url\":\"https:\/\/www.sentinel.pl\/\",\"name\":\"SENTINEL - systemy o\u015bwietlenia niskonapi\u0119ciowego\",\"description\":\"Nowoczesne systemy o\u015bwietlenia niskonapi\u0119ciowego\",\"publisher\":{\"@id\":\"https:\/\/www.sentinel.pl\/#organization\"},\"potentialAction\":[{\"@type\":\"SearchAction\",\"target\":{\"@type\":\"EntryPoint\",\"urlTemplate\":\"https:\/\/www.sentinel.pl\/?s={search_term_string}\"},\"query-input\":{\"@type\":\"PropertyValueSpecification\",\"valueRequired\":true,\"valueName\":\"search_term_string\"}}],\"inLanguage\":\"en-US\"},{\"@type\":\"Organization\",\"@id\":\"https:\/\/www.sentinel.pl\/#organization\",\"name\":\"SENTINEL\",\"alternateName\":\"SENTINEL\",\"url\":\"https:\/\/www.sentinel.pl\/\",\"logo\":{\"@type\":\"ImageObject\",\"inLanguage\":\"en-US\",\"@id\":\"https:\/\/www.sentinel.pl\/#\/schema\/logo\/image\/\",\"url\":\"https:\/\/www.sentinel.pl\/wp-content\/uploads\/2023\/04\/SENTINEL-Logo.webp\",\"contentUrl\":\"https:\/\/www.sentinel.pl\/wp-content\/uploads\/2023\/04\/SENTINEL-Logo.webp\",\"width\":288,\"height\":56,\"caption\":\"SENTINEL\"},\"image\":{\"@id\":\"https:\/\/www.sentinel.pl\/#\/schema\/logo\/image\/\"},\"sameAs\":[\"https:\/\/www.facebook.com\/profile.php?id=100076600594991\",\"https:\/\/x.com\/sentinel_light1\",\"https:\/\/www.linkedin.com\/company\/1180568\",\"https:\/\/www.instagram.com\/sentinel_light1\/\"]}]}<\/script>\n<!-- \/ Yoast SEO plugin. -->","yoast_head_json":{"title":"Downloads | SENTINEL - systemy o\u015bwietlenia niskonapi\u0119ciowego","description":"Downloads for modern low-voltage lighting systems. They optimally illuminate the space, saving energy.","robots":{"index":"index","follow":"follow","max-snippet":"max-snippet:-1","max-image-preview":"max-image-preview:large","max-video-preview":"max-video-preview:-1"},"canonical":"https:\/\/www.sentinel.pl\/en\/downloads\/","og_locale":"en_US","og_type":"article","og_title":"Downloads | SENTINEL - systemy o\u015bwietlenia niskonapi\u0119ciowego","og_description":"Downloads for modern low-voltage lighting systems. They optimally illuminate the space, saving energy.","og_url":"https:\/\/www.sentinel.pl\/en\/downloads\/","og_site_name":"SENTINEL - systemy o\u015bwietlenia niskonapi\u0119ciowego","article_publisher":"https:\/\/www.facebook.com\/profile.php?id=100076600594991","article_modified_time":"2023-06-16T11:21:32+00:00","og_image":[{"width":1200,"height":675,"url":"https:\/\/www.sentinel.pl\/wp-content\/uploads\/2023\/04\/image-sentinel.png","type":"image\/png"}],"twitter_card":"summary_large_image","twitter_site":"@sentinel_light1","schema":{"@context":"https:\/\/schema.org","@graph":[{"@type":"WebPage","@id":"https:\/\/www.sentinel.pl\/en\/downloads\/","url":"https:\/\/www.sentinel.pl\/en\/downloads\/","name":"Downloads | SENTINEL - systemy o\u015bwietlenia niskonapi\u0119ciowego","isPartOf":{"@id":"https:\/\/www.sentinel.pl\/#website"},"datePublished":"2023-04-19T05:51:26+00:00","dateModified":"2023-06-16T11:21:32+00:00","description":"Downloads for modern low-voltage lighting systems. They optimally illuminate the space, saving energy.","breadcrumb":{"@id":"https:\/\/www.sentinel.pl\/en\/downloads\/#breadcrumb"},"inLanguage":"en-US","potentialAction":[{"@type":"ReadAction","target":["https:\/\/www.sentinel.pl\/en\/downloads\/"]}]},{"@type":"BreadcrumbList","@id":"https:\/\/www.sentinel.pl\/en\/downloads\/#breadcrumb","itemListElement":[{"@type":"ListItem","position":1,"name":"Home","item":"https:\/\/www.sentinel.pl\/en\/"},{"@type":"ListItem","position":2,"name":"Downloads"}]},{"@type":"WebSite","@id":"https:\/\/www.sentinel.pl\/#website","url":"https:\/\/www.sentinel.pl\/","name":"SENTINEL - systemy o\u015bwietlenia niskonapi\u0119ciowego","description":"Nowoczesne systemy o\u015bwietlenia niskonapi\u0119ciowego","publisher":{"@id":"https:\/\/www.sentinel.pl\/#organization"},"potentialAction":[{"@type":"SearchAction","target":{"@type":"EntryPoint","urlTemplate":"https:\/\/www.sentinel.pl\/?s={search_term_string}"},"query-input":{"@type":"PropertyValueSpecification","valueRequired":true,"valueName":"search_term_string"}}],"inLanguage":"en-US"},{"@type":"Organization","@id":"https:\/\/www.sentinel.pl\/#organization","name":"SENTINEL","alternateName":"SENTINEL","url":"https:\/\/www.sentinel.pl\/","logo":{"@type":"ImageObject","inLanguage":"en-US","@id":"https:\/\/www.sentinel.pl\/#\/schema\/logo\/image\/","url":"https:\/\/www.sentinel.pl\/wp-content\/uploads\/2023\/04\/SENTINEL-Logo.webp","contentUrl":"https:\/\/www.sentinel.pl\/wp-content\/uploads\/2023\/04\/SENTINEL-Logo.webp","width":288,"height":56,"caption":"SENTINEL"},"image":{"@id":"https:\/\/www.sentinel.pl\/#\/schema\/logo\/image\/"},"sameAs":["https:\/\/www.facebook.com\/profile.php?id=100076600594991","https:\/\/x.com\/sentinel_light1","https:\/\/www.linkedin.com\/company\/1180568","https:\/\/www.instagram.com\/sentinel_light1\/"]}]}},"_links":{"self":[{"href":"https:\/\/www.sentinel.pl\/en\/wp-json\/wp\/v2\/pages\/1819","targetHints":{"allow":["GET"]}}],"collection":[{"href":"https:\/\/www.sentinel.pl\/en\/wp-json\/wp\/v2\/pages"}],"about":[{"href":"https:\/\/www.sentinel.pl\/en\/wp-json\/wp\/v2\/types\/page"}],"author":[{"embeddable":true,"href":"https:\/\/www.sentinel.pl\/en\/wp-json\/wp\/v2\/users\/1"}],"replies":[{"embeddable":true,"href":"https:\/\/www.sentinel.pl\/en\/wp-json\/wp\/v2\/comments?post=1819"}],"version-history":[{"count":2,"href":"https:\/\/www.sentinel.pl\/en\/wp-json\/wp\/v2\/pages\/1819\/revisions"}],"predecessor-version":[{"id":1870,"href":"https:\/\/www.sentinel.pl\/en\/wp-json\/wp\/v2\/pages\/1819\/revisions\/1870"}],"wp:attachment":[{"href":"https:\/\/www.sentinel.pl\/en\/wp-json\/wp\/v2\/media?parent=1819"}],"curies":[{"name":"wp","href":"https:\/\/api.w.org\/{rel}","templated":true}]}}