{"id":1821,"date":"2021-08-10T13:50:46","date_gmt":"2021-08-10T11:50:46","guid":{"rendered":"https:\/\/2.demooo.pl\/contact\/"},"modified":"2023-06-16T13:09:26","modified_gmt":"2023-06-16T11:09:26","slug":"contact","status":"publish","type":"page","link":"https:\/\/www.sentinel.pl\/en\/contact\/","title":{"rendered":"Contact"},"content":{"rendered":"\t\t<div data-elementor-type=\"wp-page\" data-elementor-id=\"1821\" class=\"elementor elementor-1821 elementor-628\" data-elementor-post-type=\"page\">\n\t\t\t\t<div class=\"elementor-element elementor-element-20e0ef6 e-flex e-con-boxed e-con e-parent\" data-id=\"20e0ef6\" data-element_type=\"container\" data-e-type=\"container\" data-settings=\"{&quot;background_background&quot;:&quot;classic&quot;}\">\n\t\t\t\t\t<div class=\"e-con-inner\">\n\t\t\t\t<div class=\"elementor-element elementor-element-94f399c elementor-widget elementor-widget-template\" data-id=\"94f399c\" data-element_type=\"widget\" data-e-type=\"widget\" data-widget_type=\"template.default\">\n\t\t\t\t<div class=\"elementor-widget-container\">\n\t\t\t\t\t\t\t<div class=\"elementor-template\">\n\t\t\t\t\t<div data-elementor-type=\"section\" data-elementor-id=\"1757\" class=\"elementor elementor-1757 elementor-1173\" data-elementor-post-type=\"elementor_library\">\n\t\t\t<div class=\"elementor-element elementor-element-1dfda32 e-flex e-con-boxed e-con e-parent\" data-id=\"1dfda32\" data-element_type=\"container\" data-e-type=\"container\">\n\t\t\t\t\t<div class=\"e-con-inner\">\n\t\t<div class=\"elementor-element elementor-element-36792e1 e-flex e-con-boxed e-con e-child\" data-id=\"36792e1\" data-element_type=\"container\" data-e-type=\"container\">\n\t\t\t\t\t<div class=\"e-con-inner\">\n\t\t\t\t<div class=\"elementor-element elementor-element-3255d04 elementor-widget elementor-widget-heading\" data-id=\"3255d04\" data-element_type=\"widget\" data-e-type=\"widget\" data-widget_type=\"heading.default\">\n\t\t\t\t<div class=\"elementor-widget-container\">\n\t\t\t\t\t<h2 class=\"elementor-heading-title elementor-size-default\">Contact us<\/h2>\t\t\t\t<\/div>\n\t\t\t\t<\/div>\n\t\t\t\t<div class=\"elementor-element elementor-element-c841c94 elementor-widget elementor-widget-text-editor\" data-id=\"c841c94\" data-element_type=\"widget\" data-e-type=\"widget\" data-widget_type=\"text-editor.default\">\n\t\t\t\t<div class=\"elementor-widget-container\">\n\t\t\t\t\t\t\t\t\t<div id=\"comp-kli07hsz5\" class=\"BaOVQ8 tz5f0K comp-kli07hsz5 wixui-rich-text\" data-testid=\"richTextElement\">\n<p class=\"font_9 wixui-rich-text__text\"><span class=\"color_15 wixui-rich-text__text\" style=\"color: #000000;\">SENTINEL Sp. z o.o.<br class=\"wixui-rich-text__text\">ul. Sprzeczna 14<br class=\"wixui-rich-text__text\">62-002 Suchy Las<br \/><\/span><span class=\"color_15 wixui-rich-text__text\" style=\"color: #000000;\">Poland<\/span><\/p>\n<\/div>\n<div id=\"comp-kli07hsz4\" class=\"BaOVQ8 tz5f0K comp-kli07hsz4 wixui-rich-text\" data-testid=\"richTextElement\">\n<p class=\"font_9 wixui-rich-text__text\"><span class=\"color_15 wixui-rich-text__text\" style=\"color: #000000;\"><a class=\"wixui-rich-text__text\" style=\"color: #000000;\" href=\"mailto:sentinel@sentinel.pl\" data-auto-recognition=\"true\">sentinel@sentinel.pl<\/a><\/span><\/p>\n<\/div>\n<div id=\"comp-kli07ht01\" class=\"BaOVQ8 tz5f0K comp-kli07ht01 wixui-rich-text\" data-testid=\"richTextElement\">\n<p class=\"font_9 wixui-rich-text__text\"><span style=\"color: #000000;\"><a style=\"color: #000000;\" href=\"tel:618213286\"><span class=\"color_15 wixui-rich-text__text\">(+48) 61 821 32 86<\/span><\/a><\/span><\/p>\n<\/div>\n\t\t\t\t\t\t\t\t<\/div>\n\t\t\t\t<\/div>\n\t\t\t\t<div class=\"elementor-element elementor-element-3d3231e elementor-widget__width-inherit elementor-hidden-phone e-grid-align-left elementor-shape-rounded elementor-grid-0 elementor-widget elementor-widget-social-icons\" data-id=\"3d3231e\" data-element_type=\"widget\" data-e-type=\"widget\" data-widget_type=\"social-icons.default\">\n\t\t\t\t<div class=\"elementor-widget-container\">\n\t\t\t\t\t\t\t<div class=\"elementor-social-icons-wrapper elementor-grid\" role=\"list\">\n\t\t\t\t\t\t\t<span class=\"elementor-grid-item\" role=\"listitem\">\n\t\t\t\t\t<a class=\"elementor-icon elementor-social-icon elementor-social-icon-facebook-f elementor-repeater-item-7aad70b\" href=\"https:\/\/www.facebook.com\/profile.php?id=100076600594991\" target=\"_blank\">\n\t\t\t\t\t\t<span class=\"elementor-screen-only\">Facebook-f<\/span>\n\t\t\t\t\t\t<svg aria-hidden=\"true\" class=\"e-font-icon-svg e-fab-facebook-f\" viewBox=\"0 0 320 512\" xmlns=\"http:\/\/www.w3.org\/2000\/svg\"><path d=\"M279.14 288l14.22-92.66h-88.91v-60.13c0-25.35 12.42-50.06 52.24-50.06h40.42V6.26S260.43 0 225.36 0c-73.22 0-121.08 44.38-121.08 124.72v70.62H22.89V288h81.39v224h100.17V288z\"><\/path><\/svg>\t\t\t\t\t<\/a>\n\t\t\t\t<\/span>\n\t\t\t\t\t\t\t<span class=\"elementor-grid-item\" role=\"listitem\">\n\t\t\t\t\t<a class=\"elementor-icon elementor-social-icon elementor-social-icon-twitter elementor-repeater-item-3325d63\" href=\"https:\/\/twitter.com\/sentinel_light1\" target=\"_blank\">\n\t\t\t\t\t\t<span class=\"elementor-screen-only\">Twitter<\/span>\n\t\t\t\t\t\t<svg aria-hidden=\"true\" class=\"e-font-icon-svg e-fab-twitter\" viewBox=\"0 0 512 512\" xmlns=\"http:\/\/www.w3.org\/2000\/svg\"><path d=\"M459.37 151.716c.325 4.548.325 9.097.325 13.645 0 138.72-105.583 298.558-298.558 298.558-59.452 0-114.68-17.219-161.137-47.106 8.447.974 16.568 1.299 25.34 1.299 49.055 0 94.213-16.568 130.274-44.832-46.132-.975-84.792-31.188-98.112-72.772 6.498.974 12.995 1.624 19.818 1.624 9.421 0 18.843-1.3 27.614-3.573-48.081-9.747-84.143-51.98-84.143-102.985v-1.299c13.969 7.797 30.214 12.67 47.431 13.319-28.264-18.843-46.781-51.005-46.781-87.391 0-19.492 5.197-37.36 14.294-52.954 51.655 63.675 129.3 105.258 216.365 109.807-1.624-7.797-2.599-15.918-2.599-24.04 0-57.828 46.782-104.934 104.934-104.934 30.213 0 57.502 12.67 76.67 33.137 23.715-4.548 46.456-13.32 66.599-25.34-7.798 24.366-24.366 44.833-46.132 57.827 21.117-2.273 41.584-8.122 60.426-16.243-14.292 20.791-32.161 39.308-52.628 54.253z\"><\/path><\/svg>\t\t\t\t\t<\/a>\n\t\t\t\t<\/span>\n\t\t\t\t\t\t\t<span class=\"elementor-grid-item\" role=\"listitem\">\n\t\t\t\t\t<a class=\"elementor-icon elementor-social-icon elementor-social-icon-linkedin-in elementor-repeater-item-01265f6\" href=\"https:\/\/www.linkedin.com\/uas\/login?session_redirect=%2Fcompany%2F1180568\" target=\"_blank\">\n\t\t\t\t\t\t<span class=\"elementor-screen-only\">Linkedin-in<\/span>\n\t\t\t\t\t\t<svg aria-hidden=\"true\" class=\"e-font-icon-svg e-fab-linkedin-in\" viewBox=\"0 0 448 512\" xmlns=\"http:\/\/www.w3.org\/2000\/svg\"><path d=\"M100.28 448H7.4V148.9h92.88zM53.79 108.1C24.09 108.1 0 83.5 0 53.8a53.79 53.79 0 0 1 107.58 0c0 29.7-24.1 54.3-53.79 54.3zM447.9 448h-92.68V302.4c0-34.7-.7-79.2-48.29-79.2-48.29 0-55.69 37.7-55.69 76.7V448h-92.78V148.9h89.08v40.8h1.3c12.4-23.5 42.69-48.3 87.88-48.3 94 0 111.28 61.9 111.28 142.3V448z\"><\/path><\/svg>\t\t\t\t\t<\/a>\n\t\t\t\t<\/span>\n\t\t\t\t\t\t\t<span class=\"elementor-grid-item\" role=\"listitem\">\n\t\t\t\t\t<a class=\"elementor-icon elementor-social-icon elementor-social-icon-instagram elementor-repeater-item-c97bc5f\" href=\"https:\/\/www.instagram.com\/sentinel_light1\/\" target=\"_blank\">\n\t\t\t\t\t\t<span class=\"elementor-screen-only\">Instagram<\/span>\n\t\t\t\t\t\t<svg aria-hidden=\"true\" class=\"e-font-icon-svg e-fab-instagram\" viewBox=\"0 0 448 512\" xmlns=\"http:\/\/www.w3.org\/2000\/svg\"><path d=\"M224.1 141c-63.6 0-114.9 51.3-114.9 114.9s51.3 114.9 114.9 114.9S339 319.5 339 255.9 287.7 141 224.1 141zm0 189.6c-41.1 0-74.7-33.5-74.7-74.7s33.5-74.7 74.7-74.7 74.7 33.5 74.7 74.7-33.6 74.7-74.7 74.7zm146.4-194.3c0 14.9-12 26.8-26.8 26.8-14.9 0-26.8-12-26.8-26.8s12-26.8 26.8-26.8 26.8 12 26.8 26.8zm76.1 27.2c-1.7-35.9-9.9-67.7-36.2-93.9-26.2-26.2-58-34.4-93.9-36.2-37-2.1-147.9-2.1-184.9 0-35.8 1.7-67.6 9.9-93.9 36.1s-34.4 58-36.2 93.9c-2.1 37-2.1 147.9 0 184.9 1.7 35.9 9.9 67.7 36.2 93.9s58 34.4 93.9 36.2c37 2.1 147.9 2.1 184.9 0 35.9-1.7 67.7-9.9 93.9-36.2 26.2-26.2 34.4-58 36.2-93.9 2.1-37 2.1-147.8 0-184.8zM398.8 388c-7.8 19.6-22.9 34.7-42.6 42.6-29.5 11.7-99.5 9-132.1 9s-102.7 2.6-132.1-9c-19.6-7.8-34.7-22.9-42.6-42.6-11.7-29.5-9-99.5-9-132.1s-2.6-102.7 9-132.1c7.8-19.6 22.9-34.7 42.6-42.6 29.5-11.7 99.5-9 132.1-9s102.7-2.6 132.1 9c19.6 7.8 34.7 22.9 42.6 42.6 11.7 29.5 9 99.5 9 132.1s2.7 102.7-9 132.1z\"><\/path><\/svg>\t\t\t\t\t<\/a>\n\t\t\t\t<\/span>\n\t\t\t\t\t<\/div>\n\t\t\t\t\t\t<\/div>\n\t\t\t\t<\/div>\n\t\t\t\t\t<\/div>\n\t\t\t\t<\/div>\n\t\t<div class=\"elementor-element elementor-element-7eaeb00 e-flex e-con-boxed e-con e-child\" data-id=\"7eaeb00\" data-element_type=\"container\" data-e-type=\"container\">\n\t\t\t\t\t<div class=\"e-con-inner\">\n\t\t\t\t<div class=\"elementor-element elementor-element-3f23d78 elementor-button-align-stretch elementor-widget elementor-widget-form\" data-id=\"3f23d78\" data-element_type=\"widget\" data-e-type=\"widget\" data-settings=\"{&quot;step_next_label&quot;:&quot;Next&quot;,&quot;step_previous_label&quot;:&quot;Previous&quot;,&quot;button_width&quot;:&quot;100&quot;,&quot;step_type&quot;:&quot;number_text&quot;,&quot;step_icon_shape&quot;:&quot;circle&quot;}\" data-widget_type=\"form.default\">\n\t\t\t\t<div class=\"elementor-widget-container\">\n\t\t\t\t\t\t\t<form class=\"elementor-form\" method=\"post\" name=\"New form\" aria-label=\"New form\">\n\t\t\t<input type=\"hidden\" name=\"post_id\" value=\"1757\"\/>\n\t\t\t<input type=\"hidden\" name=\"form_id\" value=\"3f23d78\"\/>\n\t\t\t<input type=\"hidden\" name=\"referer_title\" value=\"Contact | SENTINEL - systemy o\u015bwietlenia niskonapi\u0119ciowego\" \/>\n\n\t\t\t\t\t\t\t<input type=\"hidden\" name=\"queried_id\" value=\"1821\"\/>\n\t\t\t\n\t\t\t<div class=\"elementor-form-fields-wrapper elementor-labels-\">\n\t\t\t\t\t\t\t\t<div class=\"elementor-field-type-text elementor-field-group elementor-column elementor-field-group-name elementor-col-50\">\n\t\t\t\t\t\t\t\t\t\t\t\t<label for=\"form-field-name\" class=\"elementor-field-label elementor-screen-only\">\n\t\t\t\t\t\t\t\tName\t\t\t\t\t\t\t<\/label>\n\t\t\t\t\t\t\t\t\t\t\t\t\t\t<input size=\"1\" type=\"text\" name=\"form_fields[name]\" id=\"form-field-name\" class=\"elementor-field elementor-size-sm  elementor-field-textual\" placeholder=\"Name\">\n\t\t\t\t\t\t\t\t\t\t\t<\/div>\n\t\t\t\t\t\t\t\t<div class=\"elementor-field-type-text elementor-field-group elementor-column elementor-field-group-field_a2597ca elementor-col-50\">\n\t\t\t\t\t\t\t\t\t\t\t\t<label for=\"form-field-field_a2597ca\" class=\"elementor-field-label elementor-screen-only\">\n\t\t\t\t\t\t\t\tSurname\t\t\t\t\t\t\t<\/label>\n\t\t\t\t\t\t\t\t\t\t\t\t\t\t<input size=\"1\" type=\"text\" name=\"form_fields[field_a2597ca]\" id=\"form-field-field_a2597ca\" class=\"elementor-field elementor-size-sm  elementor-field-textual\" placeholder=\"Surname\">\n\t\t\t\t\t\t\t\t\t\t\t<\/div>\n\t\t\t\t\t\t\t\t<div class=\"elementor-field-type-text elementor-field-group elementor-column elementor-field-group-field_3a3a6d9 elementor-col-50\">\n\t\t\t\t\t\t\t\t\t\t\t\t<label for=\"form-field-field_3a3a6d9\" class=\"elementor-field-label elementor-screen-only\">\n\t\t\t\t\t\t\t\tBusiness\t\t\t\t\t\t\t<\/label>\n\t\t\t\t\t\t\t\t\t\t\t\t\t\t<input size=\"1\" type=\"text\" name=\"form_fields[field_3a3a6d9]\" id=\"form-field-field_3a3a6d9\" class=\"elementor-field elementor-size-sm  elementor-field-textual\" placeholder=\"Business\">\n\t\t\t\t\t\t\t\t\t\t\t<\/div>\n\t\t\t\t\t\t\t\t<div class=\"elementor-field-type-tel elementor-field-group elementor-column elementor-field-group-field_5331d76 elementor-col-50\">\n\t\t\t\t\t\t\t\t\t\t\t\t<label for=\"form-field-field_5331d76\" class=\"elementor-field-label elementor-screen-only\">\n\t\t\t\t\t\t\t\tTelephone\t\t\t\t\t\t\t<\/label>\n\t\t\t\t\t\t\t\t<input size=\"1\" type=\"tel\" name=\"form_fields[field_5331d76]\" id=\"form-field-field_5331d76\" class=\"elementor-field elementor-size-sm  elementor-field-textual\" placeholder=\"Telephone\" pattern=\"[0-9()#&amp;+*-=.]+\" title=\"Only numbers and phone characters (#, -, *, etc) are accepted.\">\n\n\t\t\t\t\t\t<\/div>\n\t\t\t\t\t\t\t\t<div class=\"elementor-field-type-email elementor-field-group elementor-column elementor-field-group-email elementor-col-50 elementor-field-required\">\n\t\t\t\t\t\t\t\t\t\t\t\t<label for=\"form-field-email\" class=\"elementor-field-label elementor-screen-only\">\n\t\t\t\t\t\t\t\tE-mail\t\t\t\t\t\t\t<\/label>\n\t\t\t\t\t\t\t\t\t\t\t\t\t\t<input size=\"1\" type=\"email\" name=\"form_fields[email]\" id=\"form-field-email\" class=\"elementor-field elementor-size-sm  elementor-field-textual\" placeholder=\"E-mail\" required=\"required\">\n\t\t\t\t\t\t\t\t\t\t\t<\/div>\n\t\t\t\t\t\t\t\t<div class=\"elementor-field-type-text elementor-field-group elementor-column elementor-field-group-message elementor-col-100\">\n\t\t\t\t\t\t\t\t\t\t\t\t<label for=\"form-field-message\" class=\"elementor-field-label elementor-screen-only\">\n\t\t\t\t\t\t\t\tSubject\t\t\t\t\t\t\t<\/label>\n\t\t\t\t\t\t\t\t\t\t\t\t\t\t<input size=\"1\" type=\"text\" name=\"form_fields[message]\" id=\"form-field-message\" class=\"elementor-field elementor-size-sm  elementor-field-textual\" placeholder=\"Subject\">\n\t\t\t\t\t\t\t\t\t\t\t<\/div>\n\t\t\t\t\t\t\t\t<div class=\"elementor-field-type-textarea elementor-field-group elementor-column elementor-field-group-field_47b6abf elementor-col-100\">\n\t\t\t\t\t\t\t\t\t\t\t\t<label for=\"form-field-field_47b6abf\" class=\"elementor-field-label elementor-screen-only\">\n\t\t\t\t\t\t\t\tMessage\t\t\t\t\t\t\t<\/label>\n\t\t\t\t\t\t<textarea class=\"elementor-field-textual elementor-field  elementor-size-sm\" name=\"form_fields[field_47b6abf]\" id=\"form-field-field_47b6abf\" rows=\"4\" placeholder=\"Enter your message here\"><\/textarea>\t\t\t\t<\/div>\n\t\t\t\t\t\t\t\t<div class=\"elementor-field-type-recaptcha_v3 elementor-field-group elementor-column elementor-field-group-field_fc2449a elementor-col-100 recaptcha_v3-bottomright\">\n\t\t\t\t\t<div class=\"elementor-field\" id=\"form-field-field_fc2449a\"><div class=\"elementor-g-recaptcha\" data-sitekey=\"6LdlWv4nAAAAAEduIadgDuhGgv1nNJ1JQRRNO-VV\" data-type=\"v3\" data-action=\"Form\" data-badge=\"bottomright\" data-size=\"invisible\"><\/div><\/div>\t\t\t\t<\/div>\n\t\t\t\t\t\t\t\t<div class=\"elementor-field-group elementor-column elementor-field-type-submit elementor-col-100 e-form__buttons\">\n\t\t\t\t\t<button class=\"elementor-button elementor-size-sm\" type=\"submit\">\n\t\t\t\t\t\t<span class=\"elementor-button-content-wrapper\">\n\t\t\t\t\t\t\t\t\t\t\t\t\t\t\t\t\t\t\t\t\t\t<span class=\"elementor-button-text\">Send<\/span>\n\t\t\t\t\t\t\t\t\t\t\t\t\t<\/span>\n\t\t\t\t\t<\/button>\n\t\t\t\t<\/div>\n\t\t\t<\/div>\n\t\t<\/form>\n\t\t\t\t\t\t<\/div>\n\t\t\t\t<\/div>\n\t\t\t\t\t<\/div>\n\t\t\t\t<\/div>\n\t\t\t\t\t<\/div>\n\t\t\t\t<\/div>\n\t\t<div class=\"elementor-element elementor-element-50d0557 e-flex e-con-boxed e-con e-parent\" data-id=\"50d0557\" data-element_type=\"container\" data-e-type=\"container\">\n\t\t\t\t\t<div class=\"e-con-inner\">\n\t\t\t\t<div class=\"elementor-element elementor-element-55b986a elementor-widget elementor-widget-google_maps\" data-id=\"55b986a\" data-element_type=\"widget\" data-e-type=\"widget\" data-widget_type=\"google_maps.default\">\n\t\t\t\t<div class=\"elementor-widget-container\">\n\t\t\t\t\t\t\t<div class=\"elementor-custom-embed\">\n\t\t\t<iframe loading=\"lazy\"\n\t\t\t\t\tsrc=\"https:\/\/maps.google.com\/maps?q=sentinel%20suchy%20las&#038;t=m&#038;z=14&#038;output=embed&#038;iwloc=near\"\n\t\t\t\t\ttitle=\"sentinel suchy las\"\n\t\t\t\t\taria-label=\"sentinel suchy las\"\n\t\t\t><\/iframe>\n\t\t<\/div>\n\t\t\t\t\t\t<\/div>\n\t\t\t\t<\/div>\n\t\t\t\t\t<\/div>\n\t\t\t\t<\/div>\n\t\t\t\t<\/div>\n\t\t\t\t<\/div>\n\t\t\t\t\t\t<\/div>\n\t\t\t\t<\/div>\n\t\t\t\t\t<\/div>\n\t\t\t\t<\/div>\n\t\t\t\t<\/div>\n\t\t","protected":false},"excerpt":{"rendered":"","protected":false},"author":1,"featured_media":1614,"parent":0,"menu_order":0,"comment_status":"closed","ping_status":"closed","template":"","meta":{"_acf_changed":false,"inline_featured_image":false,"footnotes":""},"class_list":["post-1821","page","type-page","status-publish","has-post-thumbnail","hentry"],"acf":[],"yoast_head":"<!-- This site is optimized with the Yoast SEO plugin v26.8 - https:\/\/yoast.com\/product\/yoast-seo-wordpress\/ -->\n<title>Contact | SENTINEL - systemy o\u015bwietlenia niskonapi\u0119ciowego<\/title>\n<meta name=\"description\" content=\"Contact us! Modern low-voltage lighting systems are a nod to ecology. Downloads for modern low-voltage lighting systems.\" \/>\n<meta name=\"robots\" content=\"index, follow, max-snippet:-1, max-image-preview:large, max-video-preview:-1\" \/>\n<link rel=\"canonical\" href=\"https:\/\/www.sentinel.pl\/en\/contact\/\" \/>\n<meta property=\"og:locale\" content=\"en_US\" \/>\n<meta property=\"og:type\" content=\"article\" \/>\n<meta property=\"og:title\" content=\"Contact | SENTINEL - systemy o\u015bwietlenia niskonapi\u0119ciowego\" \/>\n<meta property=\"og:description\" content=\"Contact us! Modern low-voltage lighting systems are a nod to ecology. Downloads for modern low-voltage lighting systems.\" \/>\n<meta property=\"og:url\" content=\"https:\/\/www.sentinel.pl\/en\/contact\/\" \/>\n<meta property=\"og:site_name\" content=\"SENTINEL - systemy o\u015bwietlenia niskonapi\u0119ciowego\" \/>\n<meta property=\"article:publisher\" content=\"https:\/\/www.facebook.com\/profile.php?id=100076600594991\" \/>\n<meta property=\"article:modified_time\" content=\"2023-06-16T11:09:26+00:00\" \/>\n<meta property=\"og:image\" content=\"https:\/\/www.sentinel.pl\/wp-content\/uploads\/2023\/04\/background-scaled.jpeg\" \/>\n\t<meta property=\"og:image:width\" content=\"2560\" \/>\n\t<meta property=\"og:image:height\" content=\"1709\" \/>\n\t<meta property=\"og:image:type\" content=\"image\/jpeg\" \/>\n<meta name=\"twitter:card\" content=\"summary_large_image\" \/>\n<meta name=\"twitter:site\" content=\"@sentinel_light1\" \/>\n<script type=\"application\/ld+json\" class=\"yoast-schema-graph\">{\"@context\":\"https:\/\/schema.org\",\"@graph\":[{\"@type\":\"WebPage\",\"@id\":\"https:\/\/www.sentinel.pl\/en\/contact\/\",\"url\":\"https:\/\/www.sentinel.pl\/en\/contact\/\",\"name\":\"Contact | SENTINEL - systemy o\u015bwietlenia niskonapi\u0119ciowego\",\"isPartOf\":{\"@id\":\"https:\/\/www.sentinel.pl\/#website\"},\"primaryImageOfPage\":{\"@id\":\"https:\/\/www.sentinel.pl\/en\/contact\/#primaryimage\"},\"image\":{\"@id\":\"https:\/\/www.sentinel.pl\/en\/contact\/#primaryimage\"},\"thumbnailUrl\":\"https:\/\/www.sentinel.pl\/wp-content\/uploads\/2023\/04\/background-scaled.jpeg\",\"datePublished\":\"2021-08-10T11:50:46+00:00\",\"dateModified\":\"2023-06-16T11:09:26+00:00\",\"description\":\"Contact us! Modern low-voltage lighting systems are a nod to ecology. Downloads for modern low-voltage lighting systems.\",\"breadcrumb\":{\"@id\":\"https:\/\/www.sentinel.pl\/en\/contact\/#breadcrumb\"},\"inLanguage\":\"en-US\",\"potentialAction\":[{\"@type\":\"ReadAction\",\"target\":[\"https:\/\/www.sentinel.pl\/en\/contact\/\"]}]},{\"@type\":\"ImageObject\",\"inLanguage\":\"en-US\",\"@id\":\"https:\/\/www.sentinel.pl\/en\/contact\/#primaryimage\",\"url\":\"https:\/\/www.sentinel.pl\/wp-content\/uploads\/2023\/04\/background-scaled.jpeg\",\"contentUrl\":\"https:\/\/www.sentinel.pl\/wp-content\/uploads\/2023\/04\/background-scaled.jpeg\",\"width\":2560,\"height\":1709,\"caption\":\"Golden glitter shiny particles lights abstract swirly bokeh dark background\"},{\"@type\":\"BreadcrumbList\",\"@id\":\"https:\/\/www.sentinel.pl\/en\/contact\/#breadcrumb\",\"itemListElement\":[{\"@type\":\"ListItem\",\"position\":1,\"name\":\"Home\",\"item\":\"https:\/\/www.sentinel.pl\/en\/\"},{\"@type\":\"ListItem\",\"position\":2,\"name\":\"Contact\"}]},{\"@type\":\"WebSite\",\"@id\":\"https:\/\/www.sentinel.pl\/#website\",\"url\":\"https:\/\/www.sentinel.pl\/\",\"name\":\"SENTINEL - systemy o\u015bwietlenia niskonapi\u0119ciowego\",\"description\":\"Nowoczesne systemy o\u015bwietlenia niskonapi\u0119ciowego\",\"publisher\":{\"@id\":\"https:\/\/www.sentinel.pl\/#organization\"},\"potentialAction\":[{\"@type\":\"SearchAction\",\"target\":{\"@type\":\"EntryPoint\",\"urlTemplate\":\"https:\/\/www.sentinel.pl\/?s={search_term_string}\"},\"query-input\":{\"@type\":\"PropertyValueSpecification\",\"valueRequired\":true,\"valueName\":\"search_term_string\"}}],\"inLanguage\":\"en-US\"},{\"@type\":\"Organization\",\"@id\":\"https:\/\/www.sentinel.pl\/#organization\",\"name\":\"SENTINEL\",\"alternateName\":\"SENTINEL\",\"url\":\"https:\/\/www.sentinel.pl\/\",\"logo\":{\"@type\":\"ImageObject\",\"inLanguage\":\"en-US\",\"@id\":\"https:\/\/www.sentinel.pl\/#\/schema\/logo\/image\/\",\"url\":\"https:\/\/www.sentinel.pl\/wp-content\/uploads\/2023\/04\/SENTINEL-Logo.webp\",\"contentUrl\":\"https:\/\/www.sentinel.pl\/wp-content\/uploads\/2023\/04\/SENTINEL-Logo.webp\",\"width\":288,\"height\":56,\"caption\":\"SENTINEL\"},\"image\":{\"@id\":\"https:\/\/www.sentinel.pl\/#\/schema\/logo\/image\/\"},\"sameAs\":[\"https:\/\/www.facebook.com\/profile.php?id=100076600594991\",\"https:\/\/x.com\/sentinel_light1\",\"https:\/\/www.linkedin.com\/company\/1180568\",\"https:\/\/www.instagram.com\/sentinel_light1\/\"]}]}<\/script>\n<!-- \/ Yoast SEO plugin. -->","yoast_head_json":{"title":"Contact | SENTINEL - systemy o\u015bwietlenia niskonapi\u0119ciowego","description":"Contact us! Modern low-voltage lighting systems are a nod to ecology. Downloads for modern low-voltage lighting systems.","robots":{"index":"index","follow":"follow","max-snippet":"max-snippet:-1","max-image-preview":"max-image-preview:large","max-video-preview":"max-video-preview:-1"},"canonical":"https:\/\/www.sentinel.pl\/en\/contact\/","og_locale":"en_US","og_type":"article","og_title":"Contact | SENTINEL - systemy o\u015bwietlenia niskonapi\u0119ciowego","og_description":"Contact us! Modern low-voltage lighting systems are a nod to ecology. Downloads for modern low-voltage lighting systems.","og_url":"https:\/\/www.sentinel.pl\/en\/contact\/","og_site_name":"SENTINEL - systemy o\u015bwietlenia niskonapi\u0119ciowego","article_publisher":"https:\/\/www.facebook.com\/profile.php?id=100076600594991","article_modified_time":"2023-06-16T11:09:26+00:00","og_image":[{"width":2560,"height":1709,"url":"https:\/\/www.sentinel.pl\/wp-content\/uploads\/2023\/04\/background-scaled.jpeg","type":"image\/jpeg"}],"twitter_card":"summary_large_image","twitter_site":"@sentinel_light1","schema":{"@context":"https:\/\/schema.org","@graph":[{"@type":"WebPage","@id":"https:\/\/www.sentinel.pl\/en\/contact\/","url":"https:\/\/www.sentinel.pl\/en\/contact\/","name":"Contact | SENTINEL - systemy o\u015bwietlenia niskonapi\u0119ciowego","isPartOf":{"@id":"https:\/\/www.sentinel.pl\/#website"},"primaryImageOfPage":{"@id":"https:\/\/www.sentinel.pl\/en\/contact\/#primaryimage"},"image":{"@id":"https:\/\/www.sentinel.pl\/en\/contact\/#primaryimage"},"thumbnailUrl":"https:\/\/www.sentinel.pl\/wp-content\/uploads\/2023\/04\/background-scaled.jpeg","datePublished":"2021-08-10T11:50:46+00:00","dateModified":"2023-06-16T11:09:26+00:00","description":"Contact us! Modern low-voltage lighting systems are a nod to ecology. Downloads for modern low-voltage lighting systems.","breadcrumb":{"@id":"https:\/\/www.sentinel.pl\/en\/contact\/#breadcrumb"},"inLanguage":"en-US","potentialAction":[{"@type":"ReadAction","target":["https:\/\/www.sentinel.pl\/en\/contact\/"]}]},{"@type":"ImageObject","inLanguage":"en-US","@id":"https:\/\/www.sentinel.pl\/en\/contact\/#primaryimage","url":"https:\/\/www.sentinel.pl\/wp-content\/uploads\/2023\/04\/background-scaled.jpeg","contentUrl":"https:\/\/www.sentinel.pl\/wp-content\/uploads\/2023\/04\/background-scaled.jpeg","width":2560,"height":1709,"caption":"Golden glitter shiny particles lights abstract swirly bokeh dark background"},{"@type":"BreadcrumbList","@id":"https:\/\/www.sentinel.pl\/en\/contact\/#breadcrumb","itemListElement":[{"@type":"ListItem","position":1,"name":"Home","item":"https:\/\/www.sentinel.pl\/en\/"},{"@type":"ListItem","position":2,"name":"Contact"}]},{"@type":"WebSite","@id":"https:\/\/www.sentinel.pl\/#website","url":"https:\/\/www.sentinel.pl\/","name":"SENTINEL - systemy o\u015bwietlenia niskonapi\u0119ciowego","description":"Nowoczesne systemy o\u015bwietlenia niskonapi\u0119ciowego","publisher":{"@id":"https:\/\/www.sentinel.pl\/#organization"},"potentialAction":[{"@type":"SearchAction","target":{"@type":"EntryPoint","urlTemplate":"https:\/\/www.sentinel.pl\/?s={search_term_string}"},"query-input":{"@type":"PropertyValueSpecification","valueRequired":true,"valueName":"search_term_string"}}],"inLanguage":"en-US"},{"@type":"Organization","@id":"https:\/\/www.sentinel.pl\/#organization","name":"SENTINEL","alternateName":"SENTINEL","url":"https:\/\/www.sentinel.pl\/","logo":{"@type":"ImageObject","inLanguage":"en-US","@id":"https:\/\/www.sentinel.pl\/#\/schema\/logo\/image\/","url":"https:\/\/www.sentinel.pl\/wp-content\/uploads\/2023\/04\/SENTINEL-Logo.webp","contentUrl":"https:\/\/www.sentinel.pl\/wp-content\/uploads\/2023\/04\/SENTINEL-Logo.webp","width":288,"height":56,"caption":"SENTINEL"},"image":{"@id":"https:\/\/www.sentinel.pl\/#\/schema\/logo\/image\/"},"sameAs":["https:\/\/www.facebook.com\/profile.php?id=100076600594991","https:\/\/x.com\/sentinel_light1","https:\/\/www.linkedin.com\/company\/1180568","https:\/\/www.instagram.com\/sentinel_light1\/"]}]}},"_links":{"self":[{"href":"https:\/\/www.sentinel.pl\/en\/wp-json\/wp\/v2\/pages\/1821","targetHints":{"allow":["GET"]}}],"collection":[{"href":"https:\/\/www.sentinel.pl\/en\/wp-json\/wp\/v2\/pages"}],"about":[{"href":"https:\/\/www.sentinel.pl\/en\/wp-json\/wp\/v2\/types\/page"}],"author":[{"embeddable":true,"href":"https:\/\/www.sentinel.pl\/en\/wp-json\/wp\/v2\/users\/1"}],"replies":[{"embeddable":true,"href":"https:\/\/www.sentinel.pl\/en\/wp-json\/wp\/v2\/comments?post=1821"}],"version-history":[{"count":1,"href":"https:\/\/www.sentinel.pl\/en\/wp-json\/wp\/v2\/pages\/1821\/revisions"}],"predecessor-version":[{"id":1822,"href":"https:\/\/www.sentinel.pl\/en\/wp-json\/wp\/v2\/pages\/1821\/revisions\/1822"}],"wp:featuredmedia":[{"embeddable":true,"href":"https:\/\/www.sentinel.pl\/en\/wp-json\/wp\/v2\/media\/1614"}],"wp:attachment":[{"href":"https:\/\/www.sentinel.pl\/en\/wp-json\/wp\/v2\/media?parent=1821"}],"curies":[{"name":"wp","href":"https:\/\/api.w.org\/{rel}","templated":true}]}}