{"id":1825,"date":"2023-04-19T07:52:47","date_gmt":"2023-04-19T05:52:47","guid":{"rendered":"https:\/\/2.demooo.pl\/downloads\/dwg-3ds-max-models-3d\/"},"modified":"2023-06-16T13:15:18","modified_gmt":"2023-06-16T11:15:18","slug":"dwg-3ds-max-models-3d","status":"publish","type":"page","link":"https:\/\/www.sentinel.pl\/en\/downloads\/dwg-3ds-max-models-3d\/","title":{"rendered":"DWG | 3DS | MAX &#8211; models 3D"},"content":{"rendered":"\t\t<div data-elementor-type=\"wp-page\" data-elementor-id=\"1825\" class=\"elementor elementor-1825 elementor-1090\" data-elementor-post-type=\"page\">\n\t\t\t\t<div class=\"elementor-element elementor-element-c0ca2b4 e-flex e-con-boxed e-con e-parent\" data-id=\"c0ca2b4\" data-element_type=\"container\" data-e-type=\"container\">\n\t\t\t\t\t<div class=\"e-con-inner\">\n\t\t<div class=\"elementor-element elementor-element-5ce87f6 e-flex e-con-boxed e-con e-parent\" data-id=\"5ce87f6\" data-element_type=\"container\" data-e-type=\"container\" data-settings=\"{&quot;background_background&quot;:&quot;classic&quot;}\">\n\t\t\t\t\t<div class=\"e-con-inner\">\n\t\t\t\t<div class=\"elementor-element elementor-element-17bf34d elementor-widget elementor-widget-heading\" data-id=\"17bf34d\" data-element_type=\"widget\" data-e-type=\"widget\" data-widget_type=\"heading.default\">\n\t\t\t\t<div class=\"elementor-widget-container\">\n\t\t\t\t\t<h2 class=\"elementor-heading-title elementor-size-default\">CAD | 3DS | MAX - 3D - all files, all formats<\/h2>\t\t\t\t<\/div>\n\t\t\t\t<\/div>\n\t\t\t\t<div class=\"elementor-element elementor-element-494672b elementor-widget elementor-widget-button\" data-id=\"494672b\" data-element_type=\"widget\" data-e-type=\"widget\" data-widget_type=\"button.default\">\n\t\t\t\t<div class=\"elementor-widget-container\">\n\t\t\t\t\t\t\t\t\t<div class=\"elementor-button-wrapper\">\n\t\t\t\t\t<a class=\"elementor-button elementor-button-link elementor-size-sm\" href=\"https:\/\/www.sentinel.pl\/wp-content\/uploads\/2023\/04\/SENTINEL-3ds-dwg-max-Modele-3D.rar\">\n\t\t\t\t\t\t<span class=\"elementor-button-content-wrapper\">\n\t\t\t\t\t\t\t\t\t<span class=\"elementor-button-text\">Download<\/span>\n\t\t\t\t\t<\/span>\n\t\t\t\t\t<\/a>\n\t\t\t\t<\/div>\n\t\t\t\t\t\t\t\t<\/div>\n\t\t\t\t<\/div>\n\t\t\t\t\t<\/div>\n\t\t\t\t<\/div>\n\t\t<div class=\"elementor-element elementor-element-f91e1eb e-flex e-con-boxed e-con e-parent\" data-id=\"f91e1eb\" data-element_type=\"container\" data-e-type=\"container\" data-settings=\"{&quot;background_background&quot;:&quot;classic&quot;}\">\n\t\t\t\t\t<div class=\"e-con-inner\">\n\t\t\t\t<div class=\"elementor-element elementor-element-5f4db74 elementor-widget elementor-widget-heading\" data-id=\"5f4db74\" data-element_type=\"widget\" data-e-type=\"widget\" data-widget_type=\"heading.default\">\n\t\t\t\t<div class=\"elementor-widget-container\">\n\t\t\t\t\t<h2 class=\"elementor-heading-title elementor-size-default\">DWG - 3D<\/h2>\t\t\t\t<\/div>\n\t\t\t\t<\/div>\n\t\t\t\t<div class=\"elementor-element elementor-element-29c45c6 elementor-widget elementor-widget-button\" data-id=\"29c45c6\" data-element_type=\"widget\" data-e-type=\"widget\" data-widget_type=\"button.default\">\n\t\t\t\t<div class=\"elementor-widget-container\">\n\t\t\t\t\t\t\t\t\t<div class=\"elementor-button-wrapper\">\n\t\t\t\t\t<a class=\"elementor-button elementor-button-link elementor-size-sm\" href=\"https:\/\/www.sentinel.pl\/wp-content\/uploads\/2023\/04\/SENINEL-3D-dwg-Modele-3D.rar\">\n\t\t\t\t\t\t<span class=\"elementor-button-content-wrapper\">\n\t\t\t\t\t\t\t\t\t<span class=\"elementor-button-text\">Download<\/span>\n\t\t\t\t\t<\/span>\n\t\t\t\t\t<\/a>\n\t\t\t\t<\/div>\n\t\t\t\t\t\t\t\t<\/div>\n\t\t\t\t<\/div>\n\t\t\t\t\t<\/div>\n\t\t\t\t<\/div>\n\t\t<div class=\"elementor-element elementor-element-2966e69 e-flex e-con-boxed e-con e-parent\" data-id=\"2966e69\" data-element_type=\"container\" data-e-type=\"container\" data-settings=\"{&quot;background_background&quot;:&quot;classic&quot;}\">\n\t\t\t\t\t<div class=\"e-con-inner\">\n\t\t\t\t<div class=\"elementor-element elementor-element-621d620 elementor-widget elementor-widget-heading\" data-id=\"621d620\" data-element_type=\"widget\" data-e-type=\"widget\" data-widget_type=\"heading.default\">\n\t\t\t\t<div class=\"elementor-widget-container\">\n\t\t\t\t\t<h2 class=\"elementor-heading-title elementor-size-default\">3DS - 3D<\/h2>\t\t\t\t<\/div>\n\t\t\t\t<\/div>\n\t\t\t\t<div class=\"elementor-element elementor-element-be043fe elementor-widget elementor-widget-button\" data-id=\"be043fe\" data-element_type=\"widget\" data-e-type=\"widget\" data-widget_type=\"button.default\">\n\t\t\t\t<div class=\"elementor-widget-container\">\n\t\t\t\t\t\t\t\t\t<div class=\"elementor-button-wrapper\">\n\t\t\t\t\t<a class=\"elementor-button elementor-button-link elementor-size-sm\" href=\"https:\/\/www.sentinel.pl\/wp-content\/uploads\/2023\/04\/SENTINEL-3ds-Modele-3D.rar\">\n\t\t\t\t\t\t<span class=\"elementor-button-content-wrapper\">\n\t\t\t\t\t\t\t\t\t<span class=\"elementor-button-text\">Download<\/span>\n\t\t\t\t\t<\/span>\n\t\t\t\t\t<\/a>\n\t\t\t\t<\/div>\n\t\t\t\t\t\t\t\t<\/div>\n\t\t\t\t<\/div>\n\t\t\t\t\t<\/div>\n\t\t\t\t<\/div>\n\t\t<div class=\"elementor-element elementor-element-2e33f9e e-flex e-con-boxed e-con e-parent\" data-id=\"2e33f9e\" data-element_type=\"container\" data-e-type=\"container\" data-settings=\"{&quot;background_background&quot;:&quot;classic&quot;}\">\n\t\t\t\t\t<div class=\"e-con-inner\">\n\t\t\t\t<div class=\"elementor-element elementor-element-e055595 elementor-widget elementor-widget-heading\" data-id=\"e055595\" data-element_type=\"widget\" data-e-type=\"widget\" data-widget_type=\"heading.default\">\n\t\t\t\t<div class=\"elementor-widget-container\">\n\t\t\t\t\t<h2 class=\"elementor-heading-title elementor-size-default\">MAX - 3D<\/h2>\t\t\t\t<\/div>\n\t\t\t\t<\/div>\n\t\t\t\t<div class=\"elementor-element elementor-element-270b6fd elementor-widget elementor-widget-button\" data-id=\"270b6fd\" data-element_type=\"widget\" data-e-type=\"widget\" data-widget_type=\"button.default\">\n\t\t\t\t<div class=\"elementor-widget-container\">\n\t\t\t\t\t\t\t\t\t<div class=\"elementor-button-wrapper\">\n\t\t\t\t\t<a class=\"elementor-button elementor-button-link elementor-size-sm\" href=\"https:\/\/www.sentinel.pl\/wp-content\/uploads\/2023\/04\/SENTINEL-max-Modele-3D.rar\">\n\t\t\t\t\t\t<span class=\"elementor-button-content-wrapper\">\n\t\t\t\t\t\t\t\t\t<span class=\"elementor-button-text\">Download<\/span>\n\t\t\t\t\t<\/span>\n\t\t\t\t\t<\/a>\n\t\t\t\t<\/div>\n\t\t\t\t\t\t\t\t<\/div>\n\t\t\t\t<\/div>\n\t\t\t\t\t<\/div>\n\t\t\t\t<\/div>\n\t\t\t\t\t<\/div>\n\t\t\t\t<\/div>\n\t\t\t\t<\/div>\n\t\t","protected":false},"excerpt":{"rendered":"<p>CAD | 3DS | MAX &#8211; 3D &#8211; all files, all formats Download DWG &#8211; 3D Download 3DS &#8211; 3D Download MAX &#8211; 3D Download<\/p>\n","protected":false},"author":1,"featured_media":0,"parent":1819,"menu_order":0,"comment_status":"closed","ping_status":"closed","template":"","meta":{"_acf_changed":false,"inline_featured_image":false,"footnotes":""},"class_list":["post-1825","page","type-page","status-publish","hentry"],"acf":[],"yoast_head":"<!-- This site is optimized with the Yoast SEO plugin v26.8 - https:\/\/yoast.com\/product\/yoast-seo-wordpress\/ -->\n<title>DWG | 3DS | MAX - models 3D | SENTINEL - lighting systems<\/title>\n<meta name=\"description\" content=\"Modern low-voltage lighting systems are a nod to ecology. They optimally illuminate the space, saving energy.\" \/>\n<meta name=\"robots\" content=\"index, follow, max-snippet:-1, max-image-preview:large, max-video-preview:-1\" \/>\n<link rel=\"canonical\" href=\"https:\/\/www.sentinel.pl\/en\/downloads\/dwg-3ds-max-models-3d\/\" \/>\n<meta property=\"og:locale\" content=\"en_US\" \/>\n<meta property=\"og:type\" content=\"article\" \/>\n<meta property=\"og:title\" content=\"DWG | 3DS | MAX - models 3D | SENTINEL - lighting systems\" \/>\n<meta property=\"og:description\" content=\"Modern low-voltage lighting systems are a nod to ecology. They optimally illuminate the space, saving energy.\" \/>\n<meta property=\"og:url\" content=\"https:\/\/www.sentinel.pl\/en\/downloads\/dwg-3ds-max-models-3d\/\" \/>\n<meta property=\"og:site_name\" content=\"SENTINEL - systemy o\u015bwietlenia niskonapi\u0119ciowego\" \/>\n<meta property=\"article:publisher\" content=\"https:\/\/www.facebook.com\/profile.php?id=100076600594991\" \/>\n<meta property=\"article:modified_time\" content=\"2023-06-16T11:15:18+00:00\" \/>\n<meta property=\"og:image\" content=\"https:\/\/www.sentinel.pl\/wp-content\/uploads\/2023\/04\/image-sentinel.png\" \/>\n\t<meta property=\"og:image:width\" content=\"1200\" \/>\n\t<meta property=\"og:image:height\" content=\"675\" \/>\n\t<meta property=\"og:image:type\" content=\"image\/png\" \/>\n<meta name=\"twitter:card\" content=\"summary_large_image\" \/>\n<meta name=\"twitter:site\" content=\"@sentinel_light1\" \/>\n<script type=\"application\/ld+json\" class=\"yoast-schema-graph\">{\"@context\":\"https:\/\/schema.org\",\"@graph\":[{\"@type\":\"WebPage\",\"@id\":\"https:\/\/www.sentinel.pl\/en\/downloads\/dwg-3ds-max-models-3d\/\",\"url\":\"https:\/\/www.sentinel.pl\/en\/downloads\/dwg-3ds-max-models-3d\/\",\"name\":\"DWG | 3DS | MAX - models 3D | SENTINEL - lighting systems\",\"isPartOf\":{\"@id\":\"https:\/\/www.sentinel.pl\/#website\"},\"datePublished\":\"2023-04-19T05:52:47+00:00\",\"dateModified\":\"2023-06-16T11:15:18+00:00\",\"description\":\"Modern low-voltage lighting systems are a nod to ecology. They optimally illuminate the space, saving energy.\",\"breadcrumb\":{\"@id\":\"https:\/\/www.sentinel.pl\/en\/downloads\/dwg-3ds-max-models-3d\/#breadcrumb\"},\"inLanguage\":\"en-US\",\"potentialAction\":[{\"@type\":\"ReadAction\",\"target\":[\"https:\/\/www.sentinel.pl\/en\/downloads\/dwg-3ds-max-models-3d\/\"]}]},{\"@type\":\"BreadcrumbList\",\"@id\":\"https:\/\/www.sentinel.pl\/en\/downloads\/dwg-3ds-max-models-3d\/#breadcrumb\",\"itemListElement\":[{\"@type\":\"ListItem\",\"position\":1,\"name\":\"Home\",\"item\":\"https:\/\/www.sentinel.pl\/en\/\"},{\"@type\":\"ListItem\",\"position\":2,\"name\":\"Downloads\",\"item\":\"https:\/\/www.sentinel.pl\/en\/downloads\/\"},{\"@type\":\"ListItem\",\"position\":3,\"name\":\"DWG | 3DS | MAX &#8211; models 3D\"}]},{\"@type\":\"WebSite\",\"@id\":\"https:\/\/www.sentinel.pl\/#website\",\"url\":\"https:\/\/www.sentinel.pl\/\",\"name\":\"SENTINEL - systemy o\u015bwietlenia niskonapi\u0119ciowego\",\"description\":\"Nowoczesne systemy o\u015bwietlenia niskonapi\u0119ciowego\",\"publisher\":{\"@id\":\"https:\/\/www.sentinel.pl\/#organization\"},\"potentialAction\":[{\"@type\":\"SearchAction\",\"target\":{\"@type\":\"EntryPoint\",\"urlTemplate\":\"https:\/\/www.sentinel.pl\/?s={search_term_string}\"},\"query-input\":{\"@type\":\"PropertyValueSpecification\",\"valueRequired\":true,\"valueName\":\"search_term_string\"}}],\"inLanguage\":\"en-US\"},{\"@type\":\"Organization\",\"@id\":\"https:\/\/www.sentinel.pl\/#organization\",\"name\":\"SENTINEL\",\"alternateName\":\"SENTINEL\",\"url\":\"https:\/\/www.sentinel.pl\/\",\"logo\":{\"@type\":\"ImageObject\",\"inLanguage\":\"en-US\",\"@id\":\"https:\/\/www.sentinel.pl\/#\/schema\/logo\/image\/\",\"url\":\"https:\/\/www.sentinel.pl\/wp-content\/uploads\/2023\/04\/SENTINEL-Logo.webp\",\"contentUrl\":\"https:\/\/www.sentinel.pl\/wp-content\/uploads\/2023\/04\/SENTINEL-Logo.webp\",\"width\":288,\"height\":56,\"caption\":\"SENTINEL\"},\"image\":{\"@id\":\"https:\/\/www.sentinel.pl\/#\/schema\/logo\/image\/\"},\"sameAs\":[\"https:\/\/www.facebook.com\/profile.php?id=100076600594991\",\"https:\/\/x.com\/sentinel_light1\",\"https:\/\/www.linkedin.com\/company\/1180568\",\"https:\/\/www.instagram.com\/sentinel_light1\/\"]}]}<\/script>\n<!-- \/ Yoast SEO plugin. -->","yoast_head_json":{"title":"DWG | 3DS | MAX - models 3D | SENTINEL - lighting systems","description":"Modern low-voltage lighting systems are a nod to ecology. They optimally illuminate the space, saving energy.","robots":{"index":"index","follow":"follow","max-snippet":"max-snippet:-1","max-image-preview":"max-image-preview:large","max-video-preview":"max-video-preview:-1"},"canonical":"https:\/\/www.sentinel.pl\/en\/downloads\/dwg-3ds-max-models-3d\/","og_locale":"en_US","og_type":"article","og_title":"DWG | 3DS | MAX - models 3D | SENTINEL - lighting systems","og_description":"Modern low-voltage lighting systems are a nod to ecology. They optimally illuminate the space, saving energy.","og_url":"https:\/\/www.sentinel.pl\/en\/downloads\/dwg-3ds-max-models-3d\/","og_site_name":"SENTINEL - systemy o\u015bwietlenia niskonapi\u0119ciowego","article_publisher":"https:\/\/www.facebook.com\/profile.php?id=100076600594991","article_modified_time":"2023-06-16T11:15:18+00:00","og_image":[{"width":1200,"height":675,"url":"https:\/\/www.sentinel.pl\/wp-content\/uploads\/2023\/04\/image-sentinel.png","type":"image\/png"}],"twitter_card":"summary_large_image","twitter_site":"@sentinel_light1","schema":{"@context":"https:\/\/schema.org","@graph":[{"@type":"WebPage","@id":"https:\/\/www.sentinel.pl\/en\/downloads\/dwg-3ds-max-models-3d\/","url":"https:\/\/www.sentinel.pl\/en\/downloads\/dwg-3ds-max-models-3d\/","name":"DWG | 3DS | MAX - models 3D | SENTINEL - lighting systems","isPartOf":{"@id":"https:\/\/www.sentinel.pl\/#website"},"datePublished":"2023-04-19T05:52:47+00:00","dateModified":"2023-06-16T11:15:18+00:00","description":"Modern low-voltage lighting systems are a nod to ecology. They optimally illuminate the space, saving energy.","breadcrumb":{"@id":"https:\/\/www.sentinel.pl\/en\/downloads\/dwg-3ds-max-models-3d\/#breadcrumb"},"inLanguage":"en-US","potentialAction":[{"@type":"ReadAction","target":["https:\/\/www.sentinel.pl\/en\/downloads\/dwg-3ds-max-models-3d\/"]}]},{"@type":"BreadcrumbList","@id":"https:\/\/www.sentinel.pl\/en\/downloads\/dwg-3ds-max-models-3d\/#breadcrumb","itemListElement":[{"@type":"ListItem","position":1,"name":"Home","item":"https:\/\/www.sentinel.pl\/en\/"},{"@type":"ListItem","position":2,"name":"Downloads","item":"https:\/\/www.sentinel.pl\/en\/downloads\/"},{"@type":"ListItem","position":3,"name":"DWG | 3DS | MAX &#8211; models 3D"}]},{"@type":"WebSite","@id":"https:\/\/www.sentinel.pl\/#website","url":"https:\/\/www.sentinel.pl\/","name":"SENTINEL - systemy o\u015bwietlenia niskonapi\u0119ciowego","description":"Nowoczesne systemy o\u015bwietlenia niskonapi\u0119ciowego","publisher":{"@id":"https:\/\/www.sentinel.pl\/#organization"},"potentialAction":[{"@type":"SearchAction","target":{"@type":"EntryPoint","urlTemplate":"https:\/\/www.sentinel.pl\/?s={search_term_string}"},"query-input":{"@type":"PropertyValueSpecification","valueRequired":true,"valueName":"search_term_string"}}],"inLanguage":"en-US"},{"@type":"Organization","@id":"https:\/\/www.sentinel.pl\/#organization","name":"SENTINEL","alternateName":"SENTINEL","url":"https:\/\/www.sentinel.pl\/","logo":{"@type":"ImageObject","inLanguage":"en-US","@id":"https:\/\/www.sentinel.pl\/#\/schema\/logo\/image\/","url":"https:\/\/www.sentinel.pl\/wp-content\/uploads\/2023\/04\/SENTINEL-Logo.webp","contentUrl":"https:\/\/www.sentinel.pl\/wp-content\/uploads\/2023\/04\/SENTINEL-Logo.webp","width":288,"height":56,"caption":"SENTINEL"},"image":{"@id":"https:\/\/www.sentinel.pl\/#\/schema\/logo\/image\/"},"sameAs":["https:\/\/www.facebook.com\/profile.php?id=100076600594991","https:\/\/x.com\/sentinel_light1","https:\/\/www.linkedin.com\/company\/1180568","https:\/\/www.instagram.com\/sentinel_light1\/"]}]}},"_links":{"self":[{"href":"https:\/\/www.sentinel.pl\/en\/wp-json\/wp\/v2\/pages\/1825","targetHints":{"allow":["GET"]}}],"collection":[{"href":"https:\/\/www.sentinel.pl\/en\/wp-json\/wp\/v2\/pages"}],"about":[{"href":"https:\/\/www.sentinel.pl\/en\/wp-json\/wp\/v2\/types\/page"}],"author":[{"embeddable":true,"href":"https:\/\/www.sentinel.pl\/en\/wp-json\/wp\/v2\/users\/1"}],"replies":[{"embeddable":true,"href":"https:\/\/www.sentinel.pl\/en\/wp-json\/wp\/v2\/comments?post=1825"}],"version-history":[{"count":1,"href":"https:\/\/www.sentinel.pl\/en\/wp-json\/wp\/v2\/pages\/1825\/revisions"}],"predecessor-version":[{"id":1826,"href":"https:\/\/www.sentinel.pl\/en\/wp-json\/wp\/v2\/pages\/1825\/revisions\/1826"}],"up":[{"embeddable":true,"href":"https:\/\/www.sentinel.pl\/en\/wp-json\/wp\/v2\/pages\/1819"}],"wp:attachment":[{"href":"https:\/\/www.sentinel.pl\/en\/wp-json\/wp\/v2\/media?parent=1825"}],"curies":[{"name":"wp","href":"https:\/\/api.w.org\/{rel}","templated":true}]}}