{"id":1827,"date":"2023-04-19T07:52:45","date_gmt":"2023-04-19T05:52:45","guid":{"rendered":"https:\/\/2.demooo.pl\/downloads\/catalogues\/"},"modified":"2023-06-16T13:16:03","modified_gmt":"2023-06-16T11:16:03","slug":"catalogues","status":"publish","type":"page","link":"https:\/\/www.sentinel.pl\/en\/downloads\/catalogues\/","title":{"rendered":"Catalogues"},"content":{"rendered":"\t\t<div data-elementor-type=\"wp-page\" data-elementor-id=\"1827\" class=\"elementor elementor-1827 elementor-1089\" data-elementor-post-type=\"page\">\n\t\t\t\t<div class=\"elementor-element elementor-element-591f76e e-flex e-con-boxed e-con e-parent\" data-id=\"591f76e\" data-element_type=\"container\" data-e-type=\"container\">\n\t\t\t\t\t<div class=\"e-con-inner\">\n\t\t<div class=\"elementor-element elementor-element-ceb0fdf e-flex e-con-boxed e-con e-parent\" data-id=\"ceb0fdf\" data-element_type=\"container\" data-e-type=\"container\">\n\t\t\t\t\t<div class=\"e-con-inner\">\n\t\t<div class=\"elementor-element elementor-element-190a579 e-flex e-con-boxed e-con e-parent\" data-id=\"190a579\" data-element_type=\"container\" data-e-type=\"container\" data-settings=\"{&quot;background_background&quot;:&quot;classic&quot;}\">\n\t\t\t\t\t<div class=\"e-con-inner\">\n\t\t\t\t<div class=\"elementor-element elementor-element-47c87b2 elementor-widget elementor-widget-heading\" data-id=\"47c87b2\" data-element_type=\"widget\" data-e-type=\"widget\" data-widget_type=\"heading.default\">\n\t\t\t\t<div class=\"elementor-widget-container\">\n\t\t\t\t\t<h2 class=\"elementor-heading-title elementor-size-default\">SENTINEL 2022 ENTIRE CATALOG<\/h2>\t\t\t\t<\/div>\n\t\t\t\t<\/div>\n\t\t\t\t<div class=\"elementor-element elementor-element-345bbed elementor-widget elementor-widget-button\" data-id=\"345bbed\" data-element_type=\"widget\" data-e-type=\"widget\" data-widget_type=\"button.default\">\n\t\t\t\t<div class=\"elementor-widget-container\">\n\t\t\t\t\t\t\t\t\t<div class=\"elementor-button-wrapper\">\n\t\t\t\t\t<a class=\"elementor-button elementor-button-link elementor-size-sm\" href=\"https:\/\/www.sentinel.pl\/wp-content\/uploads\/2023\/04\/SENTINEL-2021-FULL-CATALOGUE.pdf\">\n\t\t\t\t\t\t<span class=\"elementor-button-content-wrapper\">\n\t\t\t\t\t\t\t\t\t<span class=\"elementor-button-text\">Download<\/span>\n\t\t\t\t\t<\/span>\n\t\t\t\t\t<\/a>\n\t\t\t\t<\/div>\n\t\t\t\t\t\t\t\t<\/div>\n\t\t\t\t<\/div>\n\t\t\t\t\t<\/div>\n\t\t\t\t<\/div>\n\t\t<div class=\"elementor-element elementor-element-9867267 e-flex e-con-boxed e-con e-parent\" data-id=\"9867267\" data-element_type=\"container\" data-e-type=\"container\" data-settings=\"{&quot;background_background&quot;:&quot;classic&quot;}\">\n\t\t\t\t\t<div class=\"e-con-inner\">\n\t\t\t\t<div class=\"elementor-element elementor-element-805e0b3 elementor-widget elementor-widget-heading\" data-id=\"805e0b3\" data-element_type=\"widget\" data-e-type=\"widget\" data-widget_type=\"heading.default\">\n\t\t\t\t<div class=\"elementor-widget-container\">\n\t\t\t\t\t<h2 class=\"elementor-heading-title elementor-size-default\">LOW VOLTAGE SYSTEM<\/h2>\t\t\t\t<\/div>\n\t\t\t\t<\/div>\n\t\t\t\t<div class=\"elementor-element elementor-element-61b5cef elementor-widget elementor-widget-button\" data-id=\"61b5cef\" data-element_type=\"widget\" data-e-type=\"widget\" data-widget_type=\"button.default\">\n\t\t\t\t<div class=\"elementor-widget-container\">\n\t\t\t\t\t\t\t\t\t<div class=\"elementor-button-wrapper\">\n\t\t\t\t\t<a class=\"elementor-button elementor-button-link elementor-size-sm\" href=\"https:\/\/www.sentinel.pl\/wp-content\/uploads\/2023\/04\/SENTINEL-2021-LOW-VOLTAGE-SYSTEMS.pdf\">\n\t\t\t\t\t\t<span class=\"elementor-button-content-wrapper\">\n\t\t\t\t\t\t\t\t\t<span class=\"elementor-button-text\">Download<\/span>\n\t\t\t\t\t<\/span>\n\t\t\t\t\t<\/a>\n\t\t\t\t<\/div>\n\t\t\t\t\t\t\t\t<\/div>\n\t\t\t\t<\/div>\n\t\t\t\t\t<\/div>\n\t\t\t\t<\/div>\n\t\t\t\t\t<\/div>\n\t\t\t\t<\/div>\n\t\t<div class=\"elementor-element elementor-element-70f15f5 e-flex e-con-boxed e-con e-parent\" data-id=\"70f15f5\" data-element_type=\"container\" data-e-type=\"container\">\n\t\t\t\t\t<div class=\"e-con-inner\">\n\t\t<div class=\"elementor-element elementor-element-19ff59f e-flex e-con-boxed e-con e-parent\" data-id=\"19ff59f\" data-element_type=\"container\" data-e-type=\"container\" data-settings=\"{&quot;background_background&quot;:&quot;classic&quot;}\">\n\t\t\t\t\t<div class=\"e-con-inner\">\n\t\t\t\t<div class=\"elementor-element elementor-element-4320d65 elementor-widget elementor-widget-heading\" data-id=\"4320d65\" data-element_type=\"widget\" data-e-type=\"widget\" data-widget_type=\"heading.default\">\n\t\t\t\t<div class=\"elementor-widget-container\">\n\t\t\t\t\t<h2 class=\"elementor-heading-title elementor-size-default\">ALUMINIUM PROFILES<\/h2>\t\t\t\t<\/div>\n\t\t\t\t<\/div>\n\t\t\t\t<div class=\"elementor-element elementor-element-1cc8648 elementor-widget elementor-widget-button\" data-id=\"1cc8648\" data-element_type=\"widget\" data-e-type=\"widget\" data-widget_type=\"button.default\">\n\t\t\t\t<div class=\"elementor-widget-container\">\n\t\t\t\t\t\t\t\t\t<div class=\"elementor-button-wrapper\">\n\t\t\t\t\t<a class=\"elementor-button elementor-button-link elementor-size-sm\" href=\"https:\/\/www.sentinel.pl\/wp-content\/uploads\/2023\/04\/SENTINEL-2021-ALUMINIUM-PROFILES.pdf\">\n\t\t\t\t\t\t<span class=\"elementor-button-content-wrapper\">\n\t\t\t\t\t\t\t\t\t<span class=\"elementor-button-text\">Download<\/span>\n\t\t\t\t\t<\/span>\n\t\t\t\t\t<\/a>\n\t\t\t\t<\/div>\n\t\t\t\t\t\t\t\t<\/div>\n\t\t\t\t<\/div>\n\t\t\t\t\t<\/div>\n\t\t\t\t<\/div>\n\t\t<div class=\"elementor-element elementor-element-f557795 e-flex e-con-boxed e-con e-parent\" data-id=\"f557795\" data-element_type=\"container\" data-e-type=\"container\" data-settings=\"{&quot;background_background&quot;:&quot;classic&quot;}\">\n\t\t\t\t\t<div class=\"e-con-inner\">\n\t\t\t\t<div class=\"elementor-element elementor-element-8c1daec elementor-widget elementor-widget-heading\" data-id=\"8c1daec\" data-element_type=\"widget\" data-e-type=\"widget\" data-widget_type=\"heading.default\">\n\t\t\t\t<div class=\"elementor-widget-container\">\n\t\t\t\t\t<h2 class=\"elementor-heading-title elementor-size-default\">SPOTLIGHTS<\/h2>\t\t\t\t<\/div>\n\t\t\t\t<\/div>\n\t\t\t\t<div class=\"elementor-element elementor-element-d7883b5 elementor-widget elementor-widget-button\" data-id=\"d7883b5\" data-element_type=\"widget\" data-e-type=\"widget\" data-widget_type=\"button.default\">\n\t\t\t\t<div class=\"elementor-widget-container\">\n\t\t\t\t\t\t\t\t\t<div class=\"elementor-button-wrapper\">\n\t\t\t\t\t<a class=\"elementor-button elementor-button-link elementor-size-sm\" href=\"https:\/\/www.sentinel.pl\/wp-content\/uploads\/2023\/04\/SENTINEL-2021-SPOTLIGHTS.pdf\">\n\t\t\t\t\t\t<span class=\"elementor-button-content-wrapper\">\n\t\t\t\t\t\t\t\t\t<span class=\"elementor-button-text\">Download<\/span>\n\t\t\t\t\t<\/span>\n\t\t\t\t\t<\/a>\n\t\t\t\t<\/div>\n\t\t\t\t\t\t\t\t<\/div>\n\t\t\t\t<\/div>\n\t\t\t\t\t<\/div>\n\t\t\t\t<\/div>\n\t\t\t\t\t<\/div>\n\t\t\t\t<\/div>\n\t\t<div class=\"elementor-element elementor-element-8257492 e-flex e-con-boxed e-con e-parent\" data-id=\"8257492\" data-element_type=\"container\" data-e-type=\"container\">\n\t\t\t\t\t<div class=\"e-con-inner\">\n\t\t<div class=\"elementor-element elementor-element-15eb2bc e-flex e-con-boxed e-con e-parent\" data-id=\"15eb2bc\" data-element_type=\"container\" data-e-type=\"container\" data-settings=\"{&quot;background_background&quot;:&quot;classic&quot;}\">\n\t\t\t\t\t<div class=\"e-con-inner\">\n\t\t\t\t<div class=\"elementor-element elementor-element-b44a144 elementor-widget elementor-widget-heading\" data-id=\"b44a144\" data-element_type=\"widget\" data-e-type=\"widget\" data-widget_type=\"heading.default\">\n\t\t\t\t<div class=\"elementor-widget-container\">\n\t\t\t\t\t<h2 class=\"elementor-heading-title elementor-size-default\">DOWNLIGHTS<\/h2>\t\t\t\t<\/div>\n\t\t\t\t<\/div>\n\t\t\t\t<div class=\"elementor-element elementor-element-2345950 elementor-widget elementor-widget-button\" data-id=\"2345950\" data-element_type=\"widget\" data-e-type=\"widget\" data-widget_type=\"button.default\">\n\t\t\t\t<div class=\"elementor-widget-container\">\n\t\t\t\t\t\t\t\t\t<div class=\"elementor-button-wrapper\">\n\t\t\t\t\t<a class=\"elementor-button elementor-button-link elementor-size-sm\" href=\"https:\/\/www.sentinel.pl\/wp-content\/uploads\/2023\/04\/SENTINEL-2021-DOWNLIGHTS.pdf\">\n\t\t\t\t\t\t<span class=\"elementor-button-content-wrapper\">\n\t\t\t\t\t\t\t\t\t<span class=\"elementor-button-text\">Download<\/span>\n\t\t\t\t\t<\/span>\n\t\t\t\t\t<\/a>\n\t\t\t\t<\/div>\n\t\t\t\t\t\t\t\t<\/div>\n\t\t\t\t<\/div>\n\t\t\t\t\t<\/div>\n\t\t\t\t<\/div>\n\t\t<div class=\"elementor-element elementor-element-85c90c2 e-flex e-con-boxed e-con e-parent\" data-id=\"85c90c2\" data-element_type=\"container\" data-e-type=\"container\" data-settings=\"{&quot;background_background&quot;:&quot;classic&quot;}\">\n\t\t\t\t\t<div class=\"e-con-inner\">\n\t\t\t\t<div class=\"elementor-element elementor-element-e56c068 elementor-widget elementor-widget-heading\" data-id=\"e56c068\" data-element_type=\"widget\" data-e-type=\"widget\" data-widget_type=\"heading.default\">\n\t\t\t\t<div class=\"elementor-widget-container\">\n\t\t\t\t\t<h2 class=\"elementor-heading-title elementor-size-default\">RECESSED GIMBALL DOWNLIGHTS<\/h2>\t\t\t\t<\/div>\n\t\t\t\t<\/div>\n\t\t\t\t<div class=\"elementor-element elementor-element-4955425 elementor-widget elementor-widget-button\" data-id=\"4955425\" data-element_type=\"widget\" data-e-type=\"widget\" data-widget_type=\"button.default\">\n\t\t\t\t<div class=\"elementor-widget-container\">\n\t\t\t\t\t\t\t\t\t<div class=\"elementor-button-wrapper\">\n\t\t\t\t\t<a class=\"elementor-button elementor-button-link elementor-size-sm\" href=\"https:\/\/www.sentinel.pl\/wp-content\/uploads\/2023\/04\/SENTINEL-2021-RECESSED-GIMBALL-DOWNLIGHTS.pdf\">\n\t\t\t\t\t\t<span class=\"elementor-button-content-wrapper\">\n\t\t\t\t\t\t\t\t\t<span class=\"elementor-button-text\">Download<\/span>\n\t\t\t\t\t<\/span>\n\t\t\t\t\t<\/a>\n\t\t\t\t<\/div>\n\t\t\t\t\t\t\t\t<\/div>\n\t\t\t\t<\/div>\n\t\t\t\t\t<\/div>\n\t\t\t\t<\/div>\n\t\t\t\t\t<\/div>\n\t\t\t\t<\/div>\n\t\t\t\t\t<\/div>\n\t\t\t\t<\/div>\n\t\t\t\t<\/div>\n\t\t","protected":false},"excerpt":{"rendered":"<p>SENTINEL 2022 ENTIRE CATALOG Download LOW VOLTAGE SYSTEM Download ALUMINIUM PROFILES Download SPOTLIGHTS Download DOWNLIGHTS Download RECESSED GIMBALL DOWNLIGHTS Download<\/p>\n","protected":false},"author":1,"featured_media":0,"parent":1819,"menu_order":0,"comment_status":"closed","ping_status":"closed","template":"","meta":{"_acf_changed":false,"inline_featured_image":false,"footnotes":""},"class_list":["post-1827","page","type-page","status-publish","hentry"],"acf":[],"yoast_head":"<!-- This site is optimized with the Yoast SEO plugin v26.8 - https:\/\/yoast.com\/product\/yoast-seo-wordpress\/ -->\n<title>Catalogues | SENTINEL - systemy o\u015bwietlenia niskonapi\u0119ciowego<\/title>\n<meta name=\"description\" content=\"Modern low-voltage lighting systems are a nod to ecology. They optimally illuminate the space, saving energy.\" \/>\n<meta name=\"robots\" content=\"index, follow, max-snippet:-1, max-image-preview:large, max-video-preview:-1\" \/>\n<link rel=\"canonical\" href=\"https:\/\/www.sentinel.pl\/en\/downloads\/catalogues\/\" \/>\n<meta property=\"og:locale\" content=\"en_US\" \/>\n<meta property=\"og:type\" content=\"article\" \/>\n<meta property=\"og:title\" content=\"Catalogues | SENTINEL - systemy o\u015bwietlenia niskonapi\u0119ciowego\" \/>\n<meta property=\"og:description\" content=\"Modern low-voltage lighting systems are a nod to ecology. They optimally illuminate the space, saving energy.\" \/>\n<meta property=\"og:url\" content=\"https:\/\/www.sentinel.pl\/en\/downloads\/catalogues\/\" \/>\n<meta property=\"og:site_name\" content=\"SENTINEL - systemy o\u015bwietlenia niskonapi\u0119ciowego\" \/>\n<meta property=\"article:publisher\" content=\"https:\/\/www.facebook.com\/profile.php?id=100076600594991\" \/>\n<meta property=\"article:modified_time\" content=\"2023-06-16T11:16:03+00:00\" \/>\n<meta property=\"og:image\" content=\"https:\/\/www.sentinel.pl\/wp-content\/uploads\/2023\/04\/image-sentinel.png\" \/>\n\t<meta property=\"og:image:width\" content=\"1200\" \/>\n\t<meta property=\"og:image:height\" content=\"675\" \/>\n\t<meta property=\"og:image:type\" content=\"image\/png\" \/>\n<meta name=\"twitter:card\" content=\"summary_large_image\" \/>\n<meta name=\"twitter:site\" content=\"@sentinel_light1\" \/>\n<script type=\"application\/ld+json\" class=\"yoast-schema-graph\">{\"@context\":\"https:\/\/schema.org\",\"@graph\":[{\"@type\":\"WebPage\",\"@id\":\"https:\/\/www.sentinel.pl\/en\/downloads\/catalogues\/\",\"url\":\"https:\/\/www.sentinel.pl\/en\/downloads\/catalogues\/\",\"name\":\"Catalogues | SENTINEL - systemy o\u015bwietlenia niskonapi\u0119ciowego\",\"isPartOf\":{\"@id\":\"https:\/\/www.sentinel.pl\/#website\"},\"datePublished\":\"2023-04-19T05:52:45+00:00\",\"dateModified\":\"2023-06-16T11:16:03+00:00\",\"description\":\"Modern low-voltage lighting systems are a nod to ecology. They optimally illuminate the space, saving energy.\",\"breadcrumb\":{\"@id\":\"https:\/\/www.sentinel.pl\/en\/downloads\/catalogues\/#breadcrumb\"},\"inLanguage\":\"en-US\",\"potentialAction\":[{\"@type\":\"ReadAction\",\"target\":[\"https:\/\/www.sentinel.pl\/en\/downloads\/catalogues\/\"]}]},{\"@type\":\"BreadcrumbList\",\"@id\":\"https:\/\/www.sentinel.pl\/en\/downloads\/catalogues\/#breadcrumb\",\"itemListElement\":[{\"@type\":\"ListItem\",\"position\":1,\"name\":\"Home\",\"item\":\"https:\/\/www.sentinel.pl\/en\/\"},{\"@type\":\"ListItem\",\"position\":2,\"name\":\"Downloads\",\"item\":\"https:\/\/www.sentinel.pl\/en\/downloads\/\"},{\"@type\":\"ListItem\",\"position\":3,\"name\":\"Catalogues\"}]},{\"@type\":\"WebSite\",\"@id\":\"https:\/\/www.sentinel.pl\/#website\",\"url\":\"https:\/\/www.sentinel.pl\/\",\"name\":\"SENTINEL - systemy o\u015bwietlenia niskonapi\u0119ciowego\",\"description\":\"Nowoczesne systemy o\u015bwietlenia niskonapi\u0119ciowego\",\"publisher\":{\"@id\":\"https:\/\/www.sentinel.pl\/#organization\"},\"potentialAction\":[{\"@type\":\"SearchAction\",\"target\":{\"@type\":\"EntryPoint\",\"urlTemplate\":\"https:\/\/www.sentinel.pl\/?s={search_term_string}\"},\"query-input\":{\"@type\":\"PropertyValueSpecification\",\"valueRequired\":true,\"valueName\":\"search_term_string\"}}],\"inLanguage\":\"en-US\"},{\"@type\":\"Organization\",\"@id\":\"https:\/\/www.sentinel.pl\/#organization\",\"name\":\"SENTINEL\",\"alternateName\":\"SENTINEL\",\"url\":\"https:\/\/www.sentinel.pl\/\",\"logo\":{\"@type\":\"ImageObject\",\"inLanguage\":\"en-US\",\"@id\":\"https:\/\/www.sentinel.pl\/#\/schema\/logo\/image\/\",\"url\":\"https:\/\/www.sentinel.pl\/wp-content\/uploads\/2023\/04\/SENTINEL-Logo.webp\",\"contentUrl\":\"https:\/\/www.sentinel.pl\/wp-content\/uploads\/2023\/04\/SENTINEL-Logo.webp\",\"width\":288,\"height\":56,\"caption\":\"SENTINEL\"},\"image\":{\"@id\":\"https:\/\/www.sentinel.pl\/#\/schema\/logo\/image\/\"},\"sameAs\":[\"https:\/\/www.facebook.com\/profile.php?id=100076600594991\",\"https:\/\/x.com\/sentinel_light1\",\"https:\/\/www.linkedin.com\/company\/1180568\",\"https:\/\/www.instagram.com\/sentinel_light1\/\"]}]}<\/script>\n<!-- \/ Yoast SEO plugin. -->","yoast_head_json":{"title":"Catalogues | SENTINEL - systemy o\u015bwietlenia niskonapi\u0119ciowego","description":"Modern low-voltage lighting systems are a nod to ecology. They optimally illuminate the space, saving energy.","robots":{"index":"index","follow":"follow","max-snippet":"max-snippet:-1","max-image-preview":"max-image-preview:large","max-video-preview":"max-video-preview:-1"},"canonical":"https:\/\/www.sentinel.pl\/en\/downloads\/catalogues\/","og_locale":"en_US","og_type":"article","og_title":"Catalogues | SENTINEL - systemy o\u015bwietlenia niskonapi\u0119ciowego","og_description":"Modern low-voltage lighting systems are a nod to ecology. They optimally illuminate the space, saving energy.","og_url":"https:\/\/www.sentinel.pl\/en\/downloads\/catalogues\/","og_site_name":"SENTINEL - systemy o\u015bwietlenia niskonapi\u0119ciowego","article_publisher":"https:\/\/www.facebook.com\/profile.php?id=100076600594991","article_modified_time":"2023-06-16T11:16:03+00:00","og_image":[{"width":1200,"height":675,"url":"https:\/\/www.sentinel.pl\/wp-content\/uploads\/2023\/04\/image-sentinel.png","type":"image\/png"}],"twitter_card":"summary_large_image","twitter_site":"@sentinel_light1","schema":{"@context":"https:\/\/schema.org","@graph":[{"@type":"WebPage","@id":"https:\/\/www.sentinel.pl\/en\/downloads\/catalogues\/","url":"https:\/\/www.sentinel.pl\/en\/downloads\/catalogues\/","name":"Catalogues | SENTINEL - systemy o\u015bwietlenia niskonapi\u0119ciowego","isPartOf":{"@id":"https:\/\/www.sentinel.pl\/#website"},"datePublished":"2023-04-19T05:52:45+00:00","dateModified":"2023-06-16T11:16:03+00:00","description":"Modern low-voltage lighting systems are a nod to ecology. They optimally illuminate the space, saving energy.","breadcrumb":{"@id":"https:\/\/www.sentinel.pl\/en\/downloads\/catalogues\/#breadcrumb"},"inLanguage":"en-US","potentialAction":[{"@type":"ReadAction","target":["https:\/\/www.sentinel.pl\/en\/downloads\/catalogues\/"]}]},{"@type":"BreadcrumbList","@id":"https:\/\/www.sentinel.pl\/en\/downloads\/catalogues\/#breadcrumb","itemListElement":[{"@type":"ListItem","position":1,"name":"Home","item":"https:\/\/www.sentinel.pl\/en\/"},{"@type":"ListItem","position":2,"name":"Downloads","item":"https:\/\/www.sentinel.pl\/en\/downloads\/"},{"@type":"ListItem","position":3,"name":"Catalogues"}]},{"@type":"WebSite","@id":"https:\/\/www.sentinel.pl\/#website","url":"https:\/\/www.sentinel.pl\/","name":"SENTINEL - systemy o\u015bwietlenia niskonapi\u0119ciowego","description":"Nowoczesne systemy o\u015bwietlenia niskonapi\u0119ciowego","publisher":{"@id":"https:\/\/www.sentinel.pl\/#organization"},"potentialAction":[{"@type":"SearchAction","target":{"@type":"EntryPoint","urlTemplate":"https:\/\/www.sentinel.pl\/?s={search_term_string}"},"query-input":{"@type":"PropertyValueSpecification","valueRequired":true,"valueName":"search_term_string"}}],"inLanguage":"en-US"},{"@type":"Organization","@id":"https:\/\/www.sentinel.pl\/#organization","name":"SENTINEL","alternateName":"SENTINEL","url":"https:\/\/www.sentinel.pl\/","logo":{"@type":"ImageObject","inLanguage":"en-US","@id":"https:\/\/www.sentinel.pl\/#\/schema\/logo\/image\/","url":"https:\/\/www.sentinel.pl\/wp-content\/uploads\/2023\/04\/SENTINEL-Logo.webp","contentUrl":"https:\/\/www.sentinel.pl\/wp-content\/uploads\/2023\/04\/SENTINEL-Logo.webp","width":288,"height":56,"caption":"SENTINEL"},"image":{"@id":"https:\/\/www.sentinel.pl\/#\/schema\/logo\/image\/"},"sameAs":["https:\/\/www.facebook.com\/profile.php?id=100076600594991","https:\/\/x.com\/sentinel_light1","https:\/\/www.linkedin.com\/company\/1180568","https:\/\/www.instagram.com\/sentinel_light1\/"]}]}},"_links":{"self":[{"href":"https:\/\/www.sentinel.pl\/en\/wp-json\/wp\/v2\/pages\/1827","targetHints":{"allow":["GET"]}}],"collection":[{"href":"https:\/\/www.sentinel.pl\/en\/wp-json\/wp\/v2\/pages"}],"about":[{"href":"https:\/\/www.sentinel.pl\/en\/wp-json\/wp\/v2\/types\/page"}],"author":[{"embeddable":true,"href":"https:\/\/www.sentinel.pl\/en\/wp-json\/wp\/v2\/users\/1"}],"replies":[{"embeddable":true,"href":"https:\/\/www.sentinel.pl\/en\/wp-json\/wp\/v2\/comments?post=1827"}],"version-history":[{"count":1,"href":"https:\/\/www.sentinel.pl\/en\/wp-json\/wp\/v2\/pages\/1827\/revisions"}],"predecessor-version":[{"id":1828,"href":"https:\/\/www.sentinel.pl\/en\/wp-json\/wp\/v2\/pages\/1827\/revisions\/1828"}],"up":[{"embeddable":true,"href":"https:\/\/www.sentinel.pl\/en\/wp-json\/wp\/v2\/pages\/1819"}],"wp:attachment":[{"href":"https:\/\/www.sentinel.pl\/en\/wp-json\/wp\/v2\/media?parent=1827"}],"curies":[{"name":"wp","href":"https:\/\/api.w.org\/{rel}","templated":true}]}}